{"id":1279,"date":"2021-02-11T10:46:01","date_gmt":"2021-02-11T09:46:01","guid":{"rendered":"http:\/\/approchedroits-rechtenbenadering.be\/?page_id=1279"},"modified":"2021-02-11T10:46:30","modified_gmt":"2021-02-11T09:46:30","slug":"bolivie","status":"publish","type":"page","link":"https:\/\/approchedroits-rechtenbenadering.be\/?page_id=1279","title":{"rendered":"Bolivie"},"content":{"rendered":"\t\t<div data-elementor-type=\"wp-page\" data-elementor-id=\"1279\" class=\"elementor elementor-1279\" data-elementor-settings=\"[]\">\n\t\t\t\t\t\t<div class=\"elementor-inner\">\n\t\t\t\t\t\t\t<div class=\"elementor-section-wrap\">\n\t\t\t\t\t\t\t<section class=\"elementor-section elementor-top-section elementor-element elementor-element-7677af05 elementor-section-boxed elementor-section-height-default elementor-section-height-default\" data-id=\"7677af05\" data-element_type=\"section\">\n\t\t\t\t\t\t<div class=\"elementor-container elementor-column-gap-default\">\n\t\t\t\t\t\t\t<div class=\"elementor-row\">\n\t\t\t\t\t<div class=\"elementor-column elementor-col-100 elementor-top-column elementor-element elementor-element-1a6b33f\" data-id=\"1a6b33f\" data-element_type=\"column\">\n\t\t\t<div class=\"elementor-column-wrap elementor-element-populated\">\n\t\t\t\t\t\t\t<div class=\"elementor-widget-wrap\">\n\t\t\t\t\t\t<div class=\"elementor-element elementor-element-714f5a95 anwp-pg-widget-header-style--b elementor-widget elementor-widget-anwp-pg-classic-grid\" data-id=\"714f5a95\" data-element_type=\"widget\" data-widget_type=\"anwp-pg-classic-grid.default\">\n\t\t\t\t<div class=\"elementor-widget-container\">\n\t\t\t<div class=\"anwp-pg-wrap\">\n\n\t\n\t<div class=\"d-flex row flex-wrap anwp-pg-classic-grid anwp-pg-posts-wrapper\">\n\t\t<div class=\"anwp-pg-post-teaser anwp-pg-post-teaser--inner-cover-link anwp-pg-post-teaser--layout-d d-flex flex-column col-lg-4 col-sm-6 col-12 anwp-pg-post-teaser--with-read-more \">\n\t<div class=\"anwp-pg-post-teaser__thumbnail position-relative\">\n\n\t\t\n\t\t<div class=\"anwp-pg-post-teaser__thumbnail-img anwp-pg-height-180\"\n\t\t\tstyle=\"background-image: url(https:\/\/approchedroits-rechtenbenadering.be\/wp-content\/uploads\/2021\/02\/BOL_DOC1-1024x683.jpg)\">\n\t\t<\/div>\n\n\t\t<div class=\"anwp-pg-post-teaser__thumbnail-bg anwp-position-cover\"><\/div>\n\n\t\t<a class=\"anwp-position-cover anwp-link-without-effects\" href=\"https:\/\/approchedroits-rechtenbenadering.be\/?p=251\" aria-hidden=\"true\"><\/a>\n\t<\/div>\n\n\t<div class=\"anwp-pg-post-teaser__content flex-grow-1 pt-1 d-flex flex-column\">\n\n\t\t<div class=\"anwp-pg-post-teaser__title anwp-font-heading mt-2\">\n\t\t\t<a class=\"anwp-link-without-effects\" href=\"https:\/\/approchedroits-rechtenbenadering.be\/?p=251\" aria-hidden=\"true\">\n\t\t\t\tL\u00e9gislation communale pour la protection de l\u2019eau en Bolivie\t\t\t<\/a>\n\t\t<\/div>\n\n\t\t<div class=\"anwp-pg-post-teaser__bottom-meta d-flex flex-wrap\">\n\n\t\t\t\t\t<\/div>\n\n\t\t\t\t\t<div class=\"anwp-pg-post-teaser__excerpt mb-2\">L\u2019eau, c\u2019est la vie, mais que faire quand il y en a de moins en moins ? La vie s\u2019arr\u00eatera-t-elle aussi ? C\u2019est la raison pour laquelle Solidagro insiste de ...<\/div>\n\t\t\n\t\t\t\t\t<div class=\"w-100 anwp-pg-read-more mt-auto\">\n\t\t\t\t<a href=\"https:\/\/approchedroits-rechtenbenadering.be\/?p=251\" class=\"anwp-pg-read-more__btn mt-3 mb-0 btn btn-sm btn-outline-info w-100 text-decoration-none\">\n\t\t\t\t\tLire plus\t\t\t\t<\/a>\n\t\t\t<\/div>\n\t\t\n\t<\/div>\n\n<\/div>\n<div class=\"anwp-pg-post-teaser anwp-pg-post-teaser--inner-cover-link anwp-pg-post-teaser--layout-d d-flex flex-column col-lg-4 col-sm-6 col-12 anwp-pg-post-teaser--with-read-more \">\n\t<div class=\"anwp-pg-post-teaser__thumbnail position-relative\">\n\n\t\t\n\t\t<div class=\"anwp-pg-post-teaser__thumbnail-img anwp-pg-height-180\"\n\t\t\tstyle=\"background-image: url(https:\/\/approchedroits-rechtenbenadering.be\/wp-content\/uploads\/2021\/02\/BOL_DOC2.jpg)\">\n\t\t<\/div>\n\n\t\t<div class=\"anwp-pg-post-teaser__thumbnail-bg anwp-position-cover\"><\/div>\n\n\t\t<a class=\"anwp-position-cover anwp-link-without-effects\" href=\"https:\/\/approchedroits-rechtenbenadering.be\/?p=252\" aria-hidden=\"true\"><\/a>\n\t<\/div>\n\n\t<div class=\"anwp-pg-post-teaser__content flex-grow-1 pt-1 d-flex flex-column\">\n\n\t\t<div class=\"anwp-pg-post-teaser__title anwp-font-heading mt-2\">\n\t\t\t<a class=\"anwp-link-without-effects\" href=\"https:\/\/approchedroits-rechtenbenadering.be\/?p=252\" aria-hidden=\"true\">\n\t\t\t\tO\u00f9 en est l\u2019agro\u00e9cologie en Bolivie?\t\t\t<\/a>\n\t\t<\/div>\n\n\t\t<div class=\"anwp-pg-post-teaser__bottom-meta d-flex flex-wrap\">\n\n\t\t\t\t\t<\/div>\n\n\t\t\t\t\t<div class=\"anwp-pg-post-teaser__excerpt mb-2\">Si vous avez le choix entre une salade cultiv\u00e9e avec des produits chimiques (pesticides, herbicides ou insecticides) et une autre, sans chimie, cultiv\u00e9e de fa\u00e7on biologique : laquelle ach\u00e8terez-vous ?<\/div>\n\t\t\n\t\t\t\t\t<div class=\"w-100 anwp-pg-read-more mt-auto\">\n\t\t\t\t<a href=\"https:\/\/approchedroits-rechtenbenadering.be\/?p=252\" class=\"anwp-pg-read-more__btn mt-3 mb-0 btn btn-sm btn-outline-info w-100 text-decoration-none\">\n\t\t\t\t\tLire plus\t\t\t\t<\/a>\n\t\t\t<\/div>\n\t\t\n\t<\/div>\n\n<\/div>\n<div class=\"anwp-pg-post-teaser anwp-pg-post-teaser--inner-cover-link anwp-pg-post-teaser--layout-d d-flex flex-column col-lg-4 col-sm-6 col-12 anwp-pg-post-teaser--with-read-more \">\n\t<div class=\"anwp-pg-post-teaser__thumbnail position-relative\">\n\n\t\t\n\t\t<div class=\"anwp-pg-post-teaser__thumbnail-img anwp-pg-height-180\"\n\t\t\tstyle=\"background-image: url(https:\/\/approchedroits-rechtenbenadering.be\/wp-content\/uploads\/2021\/02\/BOL_DOC3-768x1024.jpg)\">\n\t\t<\/div>\n\n\t\t<div class=\"anwp-pg-post-teaser__thumbnail-bg anwp-position-cover\"><\/div>\n\n\t\t<a class=\"anwp-position-cover anwp-link-without-effects\" href=\"https:\/\/approchedroits-rechtenbenadering.be\/?p=253\" aria-hidden=\"true\"><\/a>\n\t<\/div>\n\n\t<div class=\"anwp-pg-post-teaser__content flex-grow-1 pt-1 d-flex flex-column\">\n\n\t\t<div class=\"anwp-pg-post-teaser__title anwp-font-heading mt-2\">\n\t\t\t<a class=\"anwp-link-without-effects\" href=\"https:\/\/approchedroits-rechtenbenadering.be\/?p=253\" aria-hidden=\"true\">\n\t\t\t\tDes femmes \u00e9mancip\u00e9es \u00e0 Vila Vila\t\t\t<\/a>\n\t\t<\/div>\n\n\t\t<div class=\"anwp-pg-post-teaser__bottom-meta d-flex flex-wrap\">\n\n\t\t\t\t\t<\/div>\n\n\t\t\t\t\t<div class=\"anwp-pg-post-teaser__excerpt mb-2\">Aynisuyu, une organisation partenaire de Solidagro en Bolivie, travaille au d\u00e9veloppement local et \u00e0 la diffusion des mod\u00e8les agro-\u00e9cologiques dans le cadre du droit \u00e0 une alimentation saine et \u00e0 ...<\/div>\n\t\t\n\t\t\t\t\t<div class=\"w-100 anwp-pg-read-more mt-auto\">\n\t\t\t\t<a href=\"https:\/\/approchedroits-rechtenbenadering.be\/?p=253\" class=\"anwp-pg-read-more__btn mt-3 mb-0 btn btn-sm btn-outline-info w-100 text-decoration-none\">\n\t\t\t\t\tLire plus\t\t\t\t<\/a>\n\t\t\t<\/div>\n\t\t\n\t<\/div>\n\n<\/div>\n\t<\/div>\n\t\n\t<\/div>\n\t\t<\/div>\n\t\t\t\t<\/div>\n\t\t\t\t\t\t<\/div>\n\t\t\t\t\t<\/div>\n\t\t<\/div>\n\t\t\t\t\t\t\t\t<\/div>\n\t\t\t\t\t<\/div>\n\t\t<\/section>\n\t\t\t\t\t\t<\/div>\n\t\t\t\t\t\t<\/div>\n\t\t\t\t\t<\/div>\n\t\t","protected":false},"excerpt":{"rendered":"<p>L\u00e9gislation communale pour la protection de l\u2019eau en Bolivie L\u2019eau, c\u2019est la vie, mais que faire quand il y en a de moins en moins ? La vie s\u2019arr\u00eatera-t-elle aussi ? C\u2019est la raison pour laquelle Solidagro insiste de &#8230; Lire plus O\u00f9 en est l\u2019agro\u00e9cologie en Bolivie? Si vous&#8230; <a class=\"continue-reading-link\" href=\"https:\/\/approchedroits-rechtenbenadering.be\/?page_id=1279\">Lire plus <span class=\"meta-nav\">&rarr; <\/span><\/a><\/p>\n","protected":false},"author":1,"featured_media":0,"parent":0,"menu_order":0,"comment_status":"closed","ping_status":"closed","template":"","meta":[],"_links":{"self":[{"href":"https:\/\/approchedroits-rechtenbenadering.be\/index.php?rest_route=\/wp\/v2\/pages\/1279"}],"collection":[{"href":"https:\/\/approchedroits-rechtenbenadering.be\/index.php?rest_route=\/wp\/v2\/pages"}],"about":[{"href":"https:\/\/approchedroits-rechtenbenadering.be\/index.php?rest_route=\/wp\/v2\/types\/page"}],"author":[{"embeddable":true,"href":"https:\/\/approchedroits-rechtenbenadering.be\/index.php?rest_route=\/wp\/v2\/users\/1"}],"replies":[{"embeddable":true,"href":"https:\/\/approchedroits-rechtenbenadering.be\/index.php?rest_route=%2Fwp%2Fv2%2Fcomments&post=1279"}],"version-history":[{"count":4,"href":"https:\/\/approchedroits-rechtenbenadering.be\/index.php?rest_route=\/wp\/v2\/pages\/1279\/revisions"}],"predecessor-version":[{"id":1283,"href":"https:\/\/approchedroits-rechtenbenadering.be\/index.php?rest_route=\/wp\/v2\/pages\/1279\/revisions\/1283"}],"wp:attachment":[{"href":"https:\/\/approchedroits-rechtenbenadering.be\/index.php?rest_route=%2Fwp%2Fv2%2Fmedia&parent=1279"}],"curies":[{"name":"wp","href":"https:\/\/api.w.org\/{rel}","templated":true}]}}