{"id":1321,"date":"2021-02-11T11:05:43","date_gmt":"2021-02-11T10:05:43","guid":{"rendered":"http:\/\/approchedroits-rechtenbenadering.be\/?page_id=1321"},"modified":"2021-02-11T11:06:22","modified_gmt":"2021-02-11T10:06:22","slug":"maroc","status":"publish","type":"page","link":"https:\/\/approchedroits-rechtenbenadering.be\/?page_id=1321","title":{"rendered":"Maroc"},"content":{"rendered":"\t\t<div data-elementor-type=\"wp-page\" data-elementor-id=\"1321\" class=\"elementor elementor-1321\" data-elementor-settings=\"[]\">\n\t\t\t\t\t\t<div class=\"elementor-inner\">\n\t\t\t\t\t\t\t<div class=\"elementor-section-wrap\">\n\t\t\t\t\t\t\t<section class=\"elementor-section elementor-top-section elementor-element elementor-element-601b4e2a elementor-section-boxed elementor-section-height-default elementor-section-height-default\" data-id=\"601b4e2a\" data-element_type=\"section\">\n\t\t\t\t\t\t<div class=\"elementor-container elementor-column-gap-default\">\n\t\t\t\t\t\t\t<div class=\"elementor-row\">\n\t\t\t\t\t<div class=\"elementor-column elementor-col-100 elementor-top-column elementor-element elementor-element-167a98ab\" data-id=\"167a98ab\" data-element_type=\"column\">\n\t\t\t<div class=\"elementor-column-wrap elementor-element-populated\">\n\t\t\t\t\t\t\t<div class=\"elementor-widget-wrap\">\n\t\t\t\t\t\t<div class=\"elementor-element elementor-element-3eecf099 anwp-pg-widget-header-style--b elementor-widget elementor-widget-anwp-pg-classic-grid\" data-id=\"3eecf099\" data-element_type=\"widget\" data-widget_type=\"anwp-pg-classic-grid.default\">\n\t\t\t\t<div class=\"elementor-widget-container\">\n\t\t\t<div class=\"anwp-pg-wrap\">\n\n\t\n\t<div class=\"d-flex row flex-wrap anwp-pg-classic-grid anwp-pg-posts-wrapper\">\n\t\t<div class=\"anwp-pg-post-teaser anwp-pg-post-teaser--inner-cover-link anwp-pg-post-teaser--layout-d d-flex flex-column col-lg-4 col-sm-6 col-12 anwp-pg-post-teaser--with-read-more \">\n\t<div class=\"anwp-pg-post-teaser__thumbnail position-relative\">\n\n\t\t\n\t\t<div class=\"anwp-pg-post-teaser__thumbnail-img anwp-pg-height-180\"\n\t\t\tstyle=\"background-image: url(https:\/\/approchedroits-rechtenbenadering.be\/wp-content\/uploads\/2021\/02\/MAR_DOC1_PHOTO.jpg)\">\n\t\t<\/div>\n\n\t\t<div class=\"anwp-pg-post-teaser__thumbnail-bg anwp-position-cover\"><\/div>\n\n\t\t<a class=\"anwp-position-cover anwp-link-without-effects\" href=\"https:\/\/approchedroits-rechtenbenadering.be\/?p=266\" aria-hidden=\"true\"><\/a>\n\t<\/div>\n\n\t<div class=\"anwp-pg-post-teaser__content flex-grow-1 pt-1 d-flex flex-column\">\n\n\t\t<div class=\"anwp-pg-post-teaser__title anwp-font-heading mt-2\">\n\t\t\t<a class=\"anwp-link-without-effects\" href=\"https:\/\/approchedroits-rechtenbenadering.be\/?p=266\" aria-hidden=\"true\">\n\t\t\t\tDes droits pour les enfants sans identit\u00e9 au Maroc\t\t\t<\/a>\n\t\t<\/div>\n\n\t\t<div class=\"anwp-pg-post-teaser__bottom-meta d-flex flex-wrap\">\n\n\t\t\t\t\t<\/div>\n\n\t\t\t\t\t<div class=\"anwp-pg-post-teaser__excerpt mb-2\">La soci\u00e9t\u00e9 civile et le gouvernement marocain en dialogue pour assurer les droits des enfants n\u00e9s de m\u00e8res c\u00e9libataires.<\/div>\n\t\t\n\t\t\t\t\t<div class=\"w-100 anwp-pg-read-more mt-auto\">\n\t\t\t\t<a href=\"https:\/\/approchedroits-rechtenbenadering.be\/?p=266\" class=\"anwp-pg-read-more__btn mt-3 mb-0 btn btn-sm btn-outline-info w-100 text-decoration-none\">\n\t\t\t\t\tLire plus\t\t\t\t<\/a>\n\t\t\t<\/div>\n\t\t\n\t<\/div>\n\n<\/div>\n<div class=\"anwp-pg-post-teaser anwp-pg-post-teaser--inner-cover-link anwp-pg-post-teaser--layout-d d-flex flex-column col-lg-4 col-sm-6 col-12 anwp-pg-post-teaser--with-read-more \">\n\t<div class=\"anwp-pg-post-teaser__thumbnail position-relative\">\n\n\t\t\n\t\t<div class=\"anwp-pg-post-teaser__thumbnail-img anwp-pg-height-180\"\n\t\t\tstyle=\"background-image: url(https:\/\/approchedroits-rechtenbenadering.be\/wp-content\/uploads\/2021\/02\/MAR_DOC2_PHOTO-1024x683.jpg)\">\n\t\t<\/div>\n\n\t\t<div class=\"anwp-pg-post-teaser__thumbnail-bg anwp-position-cover\"><\/div>\n\n\t\t<a class=\"anwp-position-cover anwp-link-without-effects\" href=\"https:\/\/approchedroits-rechtenbenadering.be\/?p=267\" aria-hidden=\"true\"><\/a>\n\t<\/div>\n\n\t<div class=\"anwp-pg-post-teaser__content flex-grow-1 pt-1 d-flex flex-column\">\n\n\t\t<div class=\"anwp-pg-post-teaser__title anwp-font-heading mt-2\">\n\t\t\t<a class=\"anwp-link-without-effects\" href=\"https:\/\/approchedroits-rechtenbenadering.be\/?p=267\" aria-hidden=\"true\">\n\t\t\t\tDes enfants malentendants au Maroc qui s\u2019expriment sur leurs droits\t\t\t<\/a>\n\t\t<\/div>\n\n\t\t<div class=\"anwp-pg-post-teaser__bottom-meta d-flex flex-wrap\">\n\n\t\t\t\t\t<\/div>\n\n\t\t\t\t\t<div class=\"anwp-pg-post-teaser__excerpt mb-2\">Une approche interactive qui permet en m\u00eame temps l\u2019empowerment des enfants malentendants et la sensibilisation de leur pairs entendants.<\/div>\n\t\t\n\t\t\t\t\t<div class=\"w-100 anwp-pg-read-more mt-auto\">\n\t\t\t\t<a href=\"https:\/\/approchedroits-rechtenbenadering.be\/?p=267\" class=\"anwp-pg-read-more__btn mt-3 mb-0 btn btn-sm btn-outline-info w-100 text-decoration-none\">\n\t\t\t\t\tLire plus\t\t\t\t<\/a>\n\t\t\t<\/div>\n\t\t\n\t<\/div>\n\n<\/div>\n<div class=\"anwp-pg-post-teaser anwp-pg-post-teaser--inner-cover-link anwp-pg-post-teaser--layout-d d-flex flex-column col-lg-4 col-sm-6 col-12 anwp-pg-post-teaser--with-read-more \">\n\t<div class=\"anwp-pg-post-teaser__thumbnail position-relative\">\n\n\t\t\n\t\t<div class=\"anwp-pg-post-teaser__thumbnail-img anwp-pg-height-180\"\n\t\t\tstyle=\"background-image: url(https:\/\/approchedroits-rechtenbenadering.be\/wp-content\/uploads\/2021\/02\/MAR_DOC5_PHOTO-768x1024.jpeg)\">\n\t\t<\/div>\n\n\t\t<div class=\"anwp-pg-post-teaser__thumbnail-bg anwp-position-cover\"><\/div>\n\n\t\t<a class=\"anwp-position-cover anwp-link-without-effects\" href=\"https:\/\/approchedroits-rechtenbenadering.be\/?p=268\" aria-hidden=\"true\"><\/a>\n\t<\/div>\n\n\t<div class=\"anwp-pg-post-teaser__content flex-grow-1 pt-1 d-flex flex-column\">\n\n\t\t<div class=\"anwp-pg-post-teaser__title anwp-font-heading mt-2\">\n\t\t\t<a class=\"anwp-link-without-effects\" href=\"https:\/\/approchedroits-rechtenbenadering.be\/?p=268\" aria-hidden=\"true\">\n\t\t\t\tLa plateforme sur la protection de l\u2019enfance cr\u00e9e sa propre base de donn\u00e9es pour faire le plaidoyer d\u2019une approche droit\t\t\t<\/a>\n\t\t<\/div>\n\n\t\t<div class=\"anwp-pg-post-teaser__bottom-meta d-flex flex-wrap\">\n\n\t\t\t\t\t<\/div>\n\n\t\t\t\t\t<div class=\"anwp-pg-post-teaser__excerpt mb-2\">Pour pouvoir faire un plaidoyer bas\u00e9 sur des preuves et des faits probants, la Plateforme Convention Droits de l\u2019Enfant Maroc (PCDE) a cr\u00e9\u00e9 sa propre base de donn\u00e9es sur la ...<\/div>\n\t\t\n\t\t\t\t\t<div class=\"w-100 anwp-pg-read-more mt-auto\">\n\t\t\t\t<a href=\"https:\/\/approchedroits-rechtenbenadering.be\/?p=268\" class=\"anwp-pg-read-more__btn mt-3 mb-0 btn btn-sm btn-outline-info w-100 text-decoration-none\">\n\t\t\t\t\tLire plus\t\t\t\t<\/a>\n\t\t\t<\/div>\n\t\t\n\t<\/div>\n\n<\/div>\n\t<\/div>\n\t\n\t<\/div>\n\t\t<\/div>\n\t\t\t\t<\/div>\n\t\t\t\t\t\t<\/div>\n\t\t\t\t\t<\/div>\n\t\t<\/div>\n\t\t\t\t\t\t\t\t<\/div>\n\t\t\t\t\t<\/div>\n\t\t<\/section>\n\t\t\t\t\t\t<\/div>\n\t\t\t\t\t\t<\/div>\n\t\t\t\t\t<\/div>\n\t\t","protected":false},"excerpt":{"rendered":"<p>Des droits pour les enfants sans identit\u00e9 au Maroc La soci\u00e9t\u00e9 civile et le gouvernement marocain en dialogue pour assurer les droits des enfants n\u00e9s de m\u00e8res c\u00e9libataires. Lire plus Des enfants malentendants au Maroc qui s\u2019expriment sur leurs droits Une approche interactive qui permet en m\u00eame temps l\u2019empowerment des&#8230; <a class=\"continue-reading-link\" href=\"https:\/\/approchedroits-rechtenbenadering.be\/?page_id=1321\">Lire plus <span class=\"meta-nav\">&rarr; <\/span><\/a><\/p>\n","protected":false},"author":1,"featured_media":0,"parent":0,"menu_order":0,"comment_status":"closed","ping_status":"closed","template":"","meta":[],"_links":{"self":[{"href":"https:\/\/approchedroits-rechtenbenadering.be\/index.php?rest_route=\/wp\/v2\/pages\/1321"}],"collection":[{"href":"https:\/\/approchedroits-rechtenbenadering.be\/index.php?rest_route=\/wp\/v2\/pages"}],"about":[{"href":"https:\/\/approchedroits-rechtenbenadering.be\/index.php?rest_route=\/wp\/v2\/types\/page"}],"author":[{"embeddable":true,"href":"https:\/\/approchedroits-rechtenbenadering.be\/index.php?rest_route=\/wp\/v2\/users\/1"}],"replies":[{"embeddable":true,"href":"https:\/\/approchedroits-rechtenbenadering.be\/index.php?rest_route=%2Fwp%2Fv2%2Fcomments&post=1321"}],"version-history":[{"count":4,"href":"https:\/\/approchedroits-rechtenbenadering.be\/index.php?rest_route=\/wp\/v2\/pages\/1321\/revisions"}],"predecessor-version":[{"id":1325,"href":"https:\/\/approchedroits-rechtenbenadering.be\/index.php?rest_route=\/wp\/v2\/pages\/1321\/revisions\/1325"}],"wp:attachment":[{"href":"https:\/\/approchedroits-rechtenbenadering.be\/index.php?rest_route=%2Fwp%2Fv2%2Fmedia&parent=1321"}],"curies":[{"name":"wp","href":"https:\/\/api.w.org\/{rel}","templated":true}]}}