{"id":1361,"date":"2021-02-11T11:16:00","date_gmt":"2021-02-11T10:16:00","guid":{"rendered":"http:\/\/approchedroits-rechtenbenadering.be\/?page_id=1361"},"modified":"2021-02-11T11:16:16","modified_gmt":"2021-02-11T10:16:16","slug":"senegal","status":"publish","type":"page","link":"https:\/\/approchedroits-rechtenbenadering.be\/?page_id=1361","title":{"rendered":"S\u00e9n\u00e9gal"},"content":{"rendered":"\t\t<div data-elementor-type=\"wp-page\" data-elementor-id=\"1361\" class=\"elementor elementor-1361\" data-elementor-settings=\"[]\">\n\t\t\t\t\t\t<div class=\"elementor-inner\">\n\t\t\t\t\t\t\t<div class=\"elementor-section-wrap\">\n\t\t\t\t\t\t\t<section class=\"elementor-section elementor-top-section elementor-element elementor-element-434f2d26 elementor-section-boxed elementor-section-height-default elementor-section-height-default\" data-id=\"434f2d26\" data-element_type=\"section\">\n\t\t\t\t\t\t<div class=\"elementor-container elementor-column-gap-default\">\n\t\t\t\t\t\t\t<div class=\"elementor-row\">\n\t\t\t\t\t<div class=\"elementor-column elementor-col-100 elementor-top-column elementor-element elementor-element-1606764\" data-id=\"1606764\" data-element_type=\"column\">\n\t\t\t<div class=\"elementor-column-wrap elementor-element-populated\">\n\t\t\t\t\t\t\t<div class=\"elementor-widget-wrap\">\n\t\t\t\t\t\t<div class=\"elementor-element elementor-element-2f28433b anwp-pg-widget-header-style--b elementor-widget elementor-widget-anwp-pg-classic-grid\" data-id=\"2f28433b\" data-element_type=\"widget\" data-widget_type=\"anwp-pg-classic-grid.default\">\n\t\t\t\t<div class=\"elementor-widget-container\">\n\t\t\t<div class=\"anwp-pg-wrap\">\n\n\t\n\t<div class=\"d-flex row flex-wrap anwp-pg-classic-grid anwp-pg-posts-wrapper\">\n\t\t<div class=\"anwp-pg-post-teaser anwp-pg-post-teaser--inner-cover-link anwp-pg-post-teaser--layout-d d-flex flex-column col-lg-4 col-sm-6 col-12 anwp-pg-post-teaser--with-read-more \">\n\t<div class=\"anwp-pg-post-teaser__thumbnail position-relative\">\n\n\t\t\n\t\t<div class=\"anwp-pg-post-teaser__thumbnail-img anwp-pg-height-180\"\n\t\t\tstyle=\"background-image: url(https:\/\/approchedroits-rechtenbenadering.be\/wp-content\/uploads\/2021\/02\/Lucie.jpg)\">\n\t\t<\/div>\n\n\t\t<div class=\"anwp-pg-post-teaser__thumbnail-bg anwp-position-cover\"><\/div>\n\n\t\t<a class=\"anwp-position-cover anwp-link-without-effects\" href=\"https:\/\/approchedroits-rechtenbenadering.be\/?p=292\" aria-hidden=\"true\"><\/a>\n\t<\/div>\n\n\t<div class=\"anwp-pg-post-teaser__content flex-grow-1 pt-1 d-flex flex-column\">\n\n\t\t<div class=\"anwp-pg-post-teaser__title anwp-font-heading mt-2\">\n\t\t\t<a class=\"anwp-link-without-effects\" href=\"https:\/\/approchedroits-rechtenbenadering.be\/?p=292\" aria-hidden=\"true\">\n\t\t\t\tAu S\u00e9n\u00e9gal, la force de la f\u00e9d\u00e9ration\t\t\t<\/a>\n\t\t<\/div>\n\n\t\t<div class=\"anwp-pg-post-teaser__bottom-meta d-flex flex-wrap\">\n\n\t\t\t\t\t<\/div>\n\n\t\t\t\t\t<div class=\"anwp-pg-post-teaser__excerpt mb-2\">La F\u00e9d\u00e9ration des femmes de Toubacouta qui regroupe plusieurs groupements villageois de femmes est devenue un acteur politique qui peut n\u00e9gocier directement avec le pouvoir communal afin de faire valoir ...<\/div>\n\t\t\n\t\t\t\t\t<div class=\"w-100 anwp-pg-read-more mt-auto\">\n\t\t\t\t<a href=\"https:\/\/approchedroits-rechtenbenadering.be\/?p=292\" class=\"anwp-pg-read-more__btn mt-3 mb-0 btn btn-sm btn-outline-info w-100 text-decoration-none\">\n\t\t\t\t\tLire plus\t\t\t\t<\/a>\n\t\t\t<\/div>\n\t\t\n\t<\/div>\n\n<\/div>\n<div class=\"anwp-pg-post-teaser anwp-pg-post-teaser--inner-cover-link anwp-pg-post-teaser--layout-d d-flex flex-column col-lg-4 col-sm-6 col-12 anwp-pg-post-teaser--with-read-more \">\n\t<div class=\"anwp-pg-post-teaser__thumbnail position-relative\">\n\n\t\t\n\t\t<div class=\"anwp-pg-post-teaser__thumbnail-img anwp-pg-height-180\"\n\t\t\tstyle=\"background-image: url(https:\/\/approchedroits-rechtenbenadering.be\/wp-content\/uploads\/2021\/02\/Semences.jpg)\">\n\t\t<\/div>\n\n\t\t<div class=\"anwp-pg-post-teaser__thumbnail-bg anwp-position-cover\"><\/div>\n\n\t\t<a class=\"anwp-position-cover anwp-link-without-effects\" href=\"https:\/\/approchedroits-rechtenbenadering.be\/?p=293\" aria-hidden=\"true\"><\/a>\n\t<\/div>\n\n\t<div class=\"anwp-pg-post-teaser__content flex-grow-1 pt-1 d-flex flex-column\">\n\n\t\t<div class=\"anwp-pg-post-teaser__title anwp-font-heading mt-2\">\n\t\t\t<a class=\"anwp-link-without-effects\" href=\"https:\/\/approchedroits-rechtenbenadering.be\/?p=293\" aria-hidden=\"true\">\n\t\t\t\tUne plate-forme pour la promotion des semences paysannes au S\u00e9n\u00e9gal\t\t\t<\/a>\n\t\t<\/div>\n\n\t\t<div class=\"anwp-pg-post-teaser__bottom-meta d-flex flex-wrap\">\n\n\t\t\t\t\t<\/div>\n\n\t\t\t\t\t<div class=\"anwp-pg-post-teaser__excerpt mb-2\">Les semences paysannes, pourtant riches en diversit\u00e9 et facilement disponibles, sont mises \u00e0 rude \u00e9preuve face aux semences conventionnelles pl\u00e9biscit\u00e9es par l\u2019Etat du S\u00e9n\u00e9gal. Solidagro et ses partenaires font la ...<\/div>\n\t\t\n\t\t\t\t\t<div class=\"w-100 anwp-pg-read-more mt-auto\">\n\t\t\t\t<a href=\"https:\/\/approchedroits-rechtenbenadering.be\/?p=293\" class=\"anwp-pg-read-more__btn mt-3 mb-0 btn btn-sm btn-outline-info w-100 text-decoration-none\">\n\t\t\t\t\tLire plus\t\t\t\t<\/a>\n\t\t\t<\/div>\n\t\t\n\t<\/div>\n\n<\/div>\n\t<\/div>\n\t\n\t<\/div>\n\t\t<\/div>\n\t\t\t\t<\/div>\n\t\t\t\t\t\t<\/div>\n\t\t\t\t\t<\/div>\n\t\t<\/div>\n\t\t\t\t\t\t\t\t<\/div>\n\t\t\t\t\t<\/div>\n\t\t<\/section>\n\t\t\t\t\t\t<\/div>\n\t\t\t\t\t\t<\/div>\n\t\t\t\t\t<\/div>\n\t\t","protected":false},"excerpt":{"rendered":"<p>Au S\u00e9n\u00e9gal, la force de la f\u00e9d\u00e9ration La F\u00e9d\u00e9ration des femmes de Toubacouta qui regroupe plusieurs groupements villageois de femmes est devenue un acteur politique qui peut n\u00e9gocier directement avec le pouvoir communal afin de faire valoir &#8230; Lire plus Une plate-forme pour la promotion des semences paysannes au S\u00e9n\u00e9gal&#8230; <a class=\"continue-reading-link\" href=\"https:\/\/approchedroits-rechtenbenadering.be\/?page_id=1361\">Lire plus <span class=\"meta-nav\">&rarr; <\/span><\/a><\/p>\n","protected":false},"author":1,"featured_media":0,"parent":0,"menu_order":0,"comment_status":"closed","ping_status":"closed","template":"","meta":[],"_links":{"self":[{"href":"https:\/\/approchedroits-rechtenbenadering.be\/index.php?rest_route=\/wp\/v2\/pages\/1361"}],"collection":[{"href":"https:\/\/approchedroits-rechtenbenadering.be\/index.php?rest_route=\/wp\/v2\/pages"}],"about":[{"href":"https:\/\/approchedroits-rechtenbenadering.be\/index.php?rest_route=\/wp\/v2\/types\/page"}],"author":[{"embeddable":true,"href":"https:\/\/approchedroits-rechtenbenadering.be\/index.php?rest_route=\/wp\/v2\/users\/1"}],"replies":[{"embeddable":true,"href":"https:\/\/approchedroits-rechtenbenadering.be\/index.php?rest_route=%2Fwp%2Fv2%2Fcomments&post=1361"}],"version-history":[{"count":4,"href":"https:\/\/approchedroits-rechtenbenadering.be\/index.php?rest_route=\/wp\/v2\/pages\/1361\/revisions"}],"predecessor-version":[{"id":1365,"href":"https:\/\/approchedroits-rechtenbenadering.be\/index.php?rest_route=\/wp\/v2\/pages\/1361\/revisions\/1365"}],"wp:attachment":[{"href":"https:\/\/approchedroits-rechtenbenadering.be\/index.php?rest_route=%2Fwp%2Fv2%2Fmedia&parent=1361"}],"curies":[{"name":"wp","href":"https:\/\/api.w.org\/{rel}","templated":true}]}}