{"id":1463,"date":"2021-02-11T12:06:39","date_gmt":"2021-02-11T11:06:39","guid":{"rendered":"http:\/\/approchedroits-rechtenbenadering.be\/?page_id=1463"},"modified":"2021-02-12T10:39:52","modified_gmt":"2021-02-12T09:39:52","slug":"genre","status":"publish","type":"page","link":"https:\/\/approchedroits-rechtenbenadering.be\/?page_id=1463","title":{"rendered":"Genre"},"content":{"rendered":"\t\t<div data-elementor-type=\"wp-page\" data-elementor-id=\"1463\" class=\"elementor elementor-1463\" data-elementor-settings=\"[]\">\n\t\t\t\t\t\t<div class=\"elementor-inner\">\n\t\t\t\t\t\t\t<div class=\"elementor-section-wrap\">\n\t\t\t\t\t\t\t<section class=\"elementor-section elementor-top-section elementor-element elementor-element-48b30a4d elementor-section-boxed elementor-section-height-default elementor-section-height-default\" data-id=\"48b30a4d\" data-element_type=\"section\">\n\t\t\t\t\t\t<div class=\"elementor-container elementor-column-gap-default\">\n\t\t\t\t\t\t\t<div class=\"elementor-row\">\n\t\t\t\t\t<div class=\"elementor-column elementor-col-100 elementor-top-column elementor-element elementor-element-7dca3303\" data-id=\"7dca3303\" data-element_type=\"column\">\n\t\t\t<div class=\"elementor-column-wrap elementor-element-populated\">\n\t\t\t\t\t\t\t<div class=\"elementor-widget-wrap\">\n\t\t\t\t\t\t<div class=\"elementor-element elementor-element-66bb4ab5 elementor-widget elementor-widget-text-editor\" data-id=\"66bb4ab5\" data-element_type=\"widget\" data-widget_type=\"text-editor.default\">\n\t\t\t\t<div class=\"elementor-widget-container\">\n\t\t\t\t\t<div class=\"elementor-text-editor elementor-clearfix\"><p>Alors que la notion de sexe se r\u00e9f\u00e8re aux diff\u00e9rences biologiques entre les femmes et les hommes, le concept de genre renvoie \u00e0 la mani\u00e8re dont la soci\u00e9t\u00e9 attribue aux hommes et aux femmes des r\u00f4les et des statuts diff\u00e9renci\u00e9s, avec, le plus souvent, une appr\u00e9ciation n\u00e9gative associ\u00e9e aux r\u00f4les f\u00e9minins. Ces statuts diff\u00e9renci\u00e9s varient dans le temps et l\u2019espace ; ils sont d\u00e9termin\u00e9s par les normes sociales, politiques, historiques, culturelles et religieuses. En dissociant intellectuellement le culturel et le biologique, le concept de genre interroge les clich\u00e9s li\u00e9s au sexe. Le concept de genre fait r\u00e9f\u00e9rence au rapport de force qu\u2019il y a entre les hommes et les femmes. (in \u00ab Int\u00e9grer le genre dans la coop\u00e9ration non gouvernementale \u2013 Guide d\u2019inspiration pour la communication\/ le plaidoyer\/ l\u2019\u00e9ducation\/ la mobilisation\/ les bourses \u00bb d\u00e9velopp\u00e9 par les ONG membres du Cadre strat\u00e9gique commun pour la Belgique, les coupoles, les f\u00e9d\u00e9rations et accompagn\u00e9 par Le Monde selon les femmes en 2019).<\/p><p>\u00a0<\/p><p>L&rsquo;\u00e9galit\u00e9 entre les hommes et les femmes est importante pour nos organisations. Notre politique en mati\u00e8re d&rsquo;\u00e9galit\u00e9 des genres comprend des mesures visant \u00e0 mettre en pratique l&rsquo;int\u00e9gration de la dimension de genre. Cela comprend tant l&rsquo;int\u00e9gration de pratiques sensibles \u00e0 la dimension de genre dans nos actions, programmes et projets que des mesures visant \u00e0 garantir la participation des femmes et des hommes \u00e0 la prise de d\u00e9cision. Notre politique d&rsquo;\u00e9galit\u00e9 des genres est attentive \u00e0 la fois aux besoins pratiques et aux int\u00e9r\u00eats strat\u00e9giques des femmes et des hommes. Par besoins pratiques, nous entendons les besoins visant l\u2019am\u00e9lioration des conditions de vie \u00e0 court terme. Par exemple, l&rsquo;acc\u00e8s aux soins de sant\u00e9, au logement, aux revenus et \u00e0 la garde d&rsquo;enfants. Les int\u00e9r\u00eats strat\u00e9giques font r\u00e9f\u00e9rence aux progr\u00e8s r\u00e9alis\u00e9s en termes de statut social et d&rsquo;\u00e9galit\u00e9. Par exemple, de meilleurs droits, une meilleure repr\u00e9sentation politique, l&rsquo;\u00e9galit\u00e9 des salaires et un plus grand contr\u00f4le sur les finances familiales.<\/p><\/div>\n\t\t\t\t<\/div>\n\t\t\t\t<\/div>\n\t\t\t\t\t\t<\/div>\n\t\t\t\t\t<\/div>\n\t\t<\/div>\n\t\t\t\t\t\t\t\t<\/div>\n\t\t\t\t\t<\/div>\n\t\t<\/section>\n\t\t\t\t<section class=\"elementor-section elementor-top-section elementor-element elementor-element-5b91f3c5 elementor-section-boxed elementor-section-height-default elementor-section-height-default\" data-id=\"5b91f3c5\" data-element_type=\"section\">\n\t\t\t\t\t\t<div class=\"elementor-container elementor-column-gap-default\">\n\t\t\t\t\t\t\t<div class=\"elementor-row\">\n\t\t\t\t\t<div class=\"elementor-column elementor-col-100 elementor-top-column elementor-element elementor-element-7ff013fb\" data-id=\"7ff013fb\" data-element_type=\"column\">\n\t\t\t<div class=\"elementor-column-wrap elementor-element-populated\">\n\t\t\t\t\t\t\t<div class=\"elementor-widget-wrap\">\n\t\t\t\t\t\t<div class=\"elementor-element elementor-element-6235cefb elementor-widget elementor-widget-spacer\" data-id=\"6235cefb\" data-element_type=\"widget\" data-widget_type=\"spacer.default\">\n\t\t\t\t<div class=\"elementor-widget-container\">\n\t\t\t\t\t<div class=\"elementor-spacer\">\n\t\t\t<div class=\"elementor-spacer-inner\"><\/div>\n\t\t<\/div>\n\t\t\t\t<\/div>\n\t\t\t\t<\/div>\n\t\t\t\t\t\t<\/div>\n\t\t\t\t\t<\/div>\n\t\t<\/div>\n\t\t\t\t\t\t\t\t<\/div>\n\t\t\t\t\t<\/div>\n\t\t<\/section>\n\t\t\t\t<section class=\"elementor-section elementor-top-section elementor-element elementor-element-d6e21e4 elementor-section-boxed elementor-section-height-default elementor-section-height-default\" data-id=\"d6e21e4\" data-element_type=\"section\">\n\t\t\t\t\t\t<div class=\"elementor-container elementor-column-gap-default\">\n\t\t\t\t\t\t\t<div class=\"elementor-row\">\n\t\t\t\t\t<div class=\"elementor-column elementor-col-100 elementor-top-column elementor-element elementor-element-1319c2c4\" data-id=\"1319c2c4\" data-element_type=\"column\">\n\t\t\t<div class=\"elementor-column-wrap elementor-element-populated\">\n\t\t\t\t\t\t\t<div class=\"elementor-widget-wrap\">\n\t\t\t\t\t\t<div class=\"elementor-element elementor-element-50ae713a anwp-pg-widget-header-style--b elementor-widget elementor-widget-anwp-pg-classic-grid\" data-id=\"50ae713a\" data-element_type=\"widget\" data-widget_type=\"anwp-pg-classic-grid.default\">\n\t\t\t\t<div class=\"elementor-widget-container\">\n\t\t\t<div class=\"anwp-pg-wrap\">\n\n\t\n\t<div class=\"d-flex row flex-wrap anwp-pg-classic-grid anwp-pg-posts-wrapper\">\n\t\t<div class=\"anwp-pg-post-teaser anwp-pg-post-teaser--inner-cover-link anwp-pg-post-teaser--layout-d d-flex flex-column col-lg-4 col-sm-6 col-12 anwp-pg-post-teaser--with-read-more \">\n\t<div class=\"anwp-pg-post-teaser__thumbnail position-relative\">\n\n\t\t\n\t\t<div class=\"anwp-pg-post-teaser__thumbnail-img anwp-pg-height-180\"\n\t\t\tstyle=\"background-image: url(https:\/\/approchedroits-rechtenbenadering.be\/wp-content\/uploads\/2021\/02\/Lucie.jpg)\">\n\t\t<\/div>\n\n\t\t<div class=\"anwp-pg-post-teaser__thumbnail-bg anwp-position-cover\"><\/div>\n\n\t\t<a class=\"anwp-position-cover anwp-link-without-effects\" href=\"https:\/\/approchedroits-rechtenbenadering.be\/?p=292\" aria-hidden=\"true\"><\/a>\n\t<\/div>\n\n\t<div class=\"anwp-pg-post-teaser__content flex-grow-1 pt-1 d-flex flex-column\">\n\n\t\t<div class=\"anwp-pg-post-teaser__title anwp-font-heading mt-2\">\n\t\t\t<a class=\"anwp-link-without-effects\" href=\"https:\/\/approchedroits-rechtenbenadering.be\/?p=292\" aria-hidden=\"true\">\n\t\t\t\tAu S\u00e9n\u00e9gal, la force de la f\u00e9d\u00e9ration\t\t\t<\/a>\n\t\t<\/div>\n\n\t\t<div class=\"anwp-pg-post-teaser__bottom-meta d-flex flex-wrap\">\n\n\t\t\t\t\t<\/div>\n\n\t\t\t\t\t<div class=\"anwp-pg-post-teaser__excerpt mb-2\">La F\u00e9d\u00e9ration des femmes de Toubacouta qui regroupe plusieurs groupements villageois de femmes est devenue un acteur politique qui peut n\u00e9gocier directement avec le pouvoir communal afin de faire valoir ...<\/div>\n\t\t\n\t\t\t\t\t<div class=\"w-100 anwp-pg-read-more mt-auto\">\n\t\t\t\t<a href=\"https:\/\/approchedroits-rechtenbenadering.be\/?p=292\" class=\"anwp-pg-read-more__btn mt-3 mb-0 btn btn-sm btn-outline-info w-100 text-decoration-none\">\n\t\t\t\t\tLire plus\t\t\t\t<\/a>\n\t\t\t<\/div>\n\t\t\n\t<\/div>\n\n<\/div>\n<div class=\"anwp-pg-post-teaser anwp-pg-post-teaser--inner-cover-link anwp-pg-post-teaser--layout-d d-flex flex-column col-lg-4 col-sm-6 col-12 anwp-pg-post-teaser--with-read-more \">\n\t<div class=\"anwp-pg-post-teaser__thumbnail position-relative\">\n\n\t\t\n\t\t<div class=\"anwp-pg-post-teaser__thumbnail-img anwp-pg-height-180\"\n\t\t\tstyle=\"background-image: url(https:\/\/approchedroits-rechtenbenadering.be\/wp-content\/uploads\/2021\/02\/RDCVS_DOC2-1-1024x560.jpg)\">\n\t\t<\/div>\n\n\t\t<div class=\"anwp-pg-post-teaser__thumbnail-bg anwp-position-cover\"><\/div>\n\n\t\t<a class=\"anwp-position-cover anwp-link-without-effects\" href=\"https:\/\/approchedroits-rechtenbenadering.be\/?p=287\" aria-hidden=\"true\"><\/a>\n\t<\/div>\n\n\t<div class=\"anwp-pg-post-teaser__content flex-grow-1 pt-1 d-flex flex-column\">\n\n\t\t<div class=\"anwp-pg-post-teaser__title anwp-font-heading mt-2\">\n\t\t\t<a class=\"anwp-link-without-effects\" href=\"https:\/\/approchedroits-rechtenbenadering.be\/?p=287\" aria-hidden=\"true\">\n\t\t\t\tVillages de genre au Congo : Un village dans la ville\t\t\t<\/a>\n\t\t<\/div>\n\n\t\t<div class=\"anwp-pg-post-teaser__bottom-meta d-flex flex-wrap\">\n\n\t\t\t\t\t<\/div>\n\n\t\t\t\t\t<div class=\"anwp-pg-post-teaser__excerpt mb-2\">En 2016, les militants d\u2019Etoile du Sud (EDS), un des partenaires congolais de Viva Salud \u00e0 Lubumbashi, se sont pos\u00e9 de plus en plus de questions sur l\u2019in\u00e9galit\u00e9 entre femmes ...<\/div>\n\t\t\n\t\t\t\t\t<div class=\"w-100 anwp-pg-read-more mt-auto\">\n\t\t\t\t<a href=\"https:\/\/approchedroits-rechtenbenadering.be\/?p=287\" class=\"anwp-pg-read-more__btn mt-3 mb-0 btn btn-sm btn-outline-info w-100 text-decoration-none\">\n\t\t\t\t\tLire plus\t\t\t\t<\/a>\n\t\t\t<\/div>\n\t\t\n\t<\/div>\n\n<\/div>\n<div class=\"anwp-pg-post-teaser anwp-pg-post-teaser--inner-cover-link anwp-pg-post-teaser--layout-d d-flex flex-column col-lg-4 col-sm-6 col-12 anwp-pg-post-teaser--with-read-more \">\n\t<div class=\"anwp-pg-post-teaser__thumbnail position-relative\">\n\n\t\t\n\t\t<div class=\"anwp-pg-post-teaser__thumbnail-img anwp-pg-height-180\"\n\t\t\tstyle=\"background-image: url(https:\/\/approchedroits-rechtenbenadering.be\/wp-content\/uploads\/2021\/02\/Gabriela-1-1024x487.png)\">\n\t\t<\/div>\n\n\t\t<div class=\"anwp-pg-post-teaser__thumbnail-bg anwp-position-cover\"><\/div>\n\n\t\t<a class=\"anwp-position-cover anwp-link-without-effects\" href=\"https:\/\/approchedroits-rechtenbenadering.be\/?p=276\" aria-hidden=\"true\"><\/a>\n\t<\/div>\n\n\t<div class=\"anwp-pg-post-teaser__content flex-grow-1 pt-1 d-flex flex-column\">\n\n\t\t<div class=\"anwp-pg-post-teaser__title anwp-font-heading mt-2\">\n\t\t\t<a class=\"anwp-link-without-effects\" href=\"https:\/\/approchedroits-rechtenbenadering.be\/?p=276\" aria-hidden=\"true\">\n\t\t\t\tLe combat de Gabriela pour les droits des femmes aux Philippines\t\t\t<\/a>\n\t\t<\/div>\n\n\t\t<div class=\"anwp-pg-post-teaser__bottom-meta d-flex flex-wrap\">\n\n\t\t\t\t\t<\/div>\n\n\t\t\t\t\t<div class=\"anwp-pg-post-teaser__excerpt mb-2\">Cela fait plus de trente ans d\u00e9j\u00e0 que le mouvement de femmes Gabriela se bat pour les droits des femmes aux Philippines, en organisant et mobilisant les femmes \u00e0 travers ...<\/div>\n\t\t\n\t\t\t\t\t<div class=\"w-100 anwp-pg-read-more mt-auto\">\n\t\t\t\t<a href=\"https:\/\/approchedroits-rechtenbenadering.be\/?p=276\" class=\"anwp-pg-read-more__btn mt-3 mb-0 btn btn-sm btn-outline-info w-100 text-decoration-none\">\n\t\t\t\t\tLire plus\t\t\t\t<\/a>\n\t\t\t<\/div>\n\t\t\n\t<\/div>\n\n<\/div>\n<div class=\"anwp-pg-post-teaser anwp-pg-post-teaser--inner-cover-link anwp-pg-post-teaser--layout-d d-flex flex-column col-lg-4 col-sm-6 col-12 anwp-pg-post-teaser--with-read-more \">\n\t<div class=\"anwp-pg-post-teaser__thumbnail position-relative\">\n\n\t\t\n\t\t<div class=\"anwp-pg-post-teaser__thumbnail-img anwp-pg-height-180\"\n\t\t\tstyle=\"background-image: url(https:\/\/approchedroits-rechtenbenadering.be\/wp-content\/uploads\/2021\/02\/MAR_DOC1_PHOTO.jpg)\">\n\t\t<\/div>\n\n\t\t<div class=\"anwp-pg-post-teaser__thumbnail-bg anwp-position-cover\"><\/div>\n\n\t\t<a class=\"anwp-position-cover anwp-link-without-effects\" href=\"https:\/\/approchedroits-rechtenbenadering.be\/?p=266\" aria-hidden=\"true\"><\/a>\n\t<\/div>\n\n\t<div class=\"anwp-pg-post-teaser__content flex-grow-1 pt-1 d-flex flex-column\">\n\n\t\t<div class=\"anwp-pg-post-teaser__title anwp-font-heading mt-2\">\n\t\t\t<a class=\"anwp-link-without-effects\" href=\"https:\/\/approchedroits-rechtenbenadering.be\/?p=266\" aria-hidden=\"true\">\n\t\t\t\tDes droits pour les enfants sans identit\u00e9 au Maroc\t\t\t<\/a>\n\t\t<\/div>\n\n\t\t<div class=\"anwp-pg-post-teaser__bottom-meta d-flex flex-wrap\">\n\n\t\t\t\t\t<\/div>\n\n\t\t\t\t\t<div class=\"anwp-pg-post-teaser__excerpt mb-2\">La soci\u00e9t\u00e9 civile et le gouvernement marocain en dialogue pour assurer les droits des enfants n\u00e9s de m\u00e8res c\u00e9libataires.<\/div>\n\t\t\n\t\t\t\t\t<div class=\"w-100 anwp-pg-read-more mt-auto\">\n\t\t\t\t<a href=\"https:\/\/approchedroits-rechtenbenadering.be\/?p=266\" class=\"anwp-pg-read-more__btn mt-3 mb-0 btn btn-sm btn-outline-info w-100 text-decoration-none\">\n\t\t\t\t\tLire plus\t\t\t\t<\/a>\n\t\t\t<\/div>\n\t\t\n\t<\/div>\n\n<\/div>\n<div class=\"anwp-pg-post-teaser anwp-pg-post-teaser--inner-cover-link anwp-pg-post-teaser--layout-d d-flex flex-column col-lg-4 col-sm-6 col-12 anwp-pg-post-teaser--with-read-more \">\n\t<div class=\"anwp-pg-post-teaser__thumbnail position-relative\">\n\n\t\t\n\t\t<div class=\"anwp-pg-post-teaser__thumbnail-img anwp-pg-height-180\"\n\t\t\tstyle=\"background-image: url(https:\/\/approchedroits-rechtenbenadering.be\/wp-content\/uploads\/2021\/02\/BUR_DOC2_PHOTO-1024x678.jpg)\">\n\t\t<\/div>\n\n\t\t<div class=\"anwp-pg-post-teaser__thumbnail-bg anwp-position-cover\"><\/div>\n\n\t\t<a class=\"anwp-position-cover anwp-link-without-effects\" href=\"https:\/\/approchedroits-rechtenbenadering.be\/?p=261\" aria-hidden=\"true\"><\/a>\n\t<\/div>\n\n\t<div class=\"anwp-pg-post-teaser__content flex-grow-1 pt-1 d-flex flex-column\">\n\n\t\t<div class=\"anwp-pg-post-teaser__title anwp-font-heading mt-2\">\n\t\t\t<a class=\"anwp-link-without-effects\" href=\"https:\/\/approchedroits-rechtenbenadering.be\/?p=261\" aria-hidden=\"true\">\n\t\t\t\tLa prise en compte du genre : Un d\u00e9fi \u00e0 relever au Burundi\t\t\t<\/a>\n\t\t<\/div>\n\n\t\t<div class=\"anwp-pg-post-teaser__bottom-meta d-flex flex-wrap\">\n\n\t\t\t\t\t<\/div>\n\n\t\t\t\t\t<div class=\"anwp-pg-post-teaser__excerpt mb-2\">De nos jours les femmes et filles sont encourag\u00e9es \u00e0 se battre pour prendre leurs places dans les soci\u00e9t\u00e9s o\u00f9 la culture, coutumes et religion sont plac\u00e9s sur un pi\u00e9destal. ...<\/div>\n\t\t\n\t\t\t\t\t<div class=\"w-100 anwp-pg-read-more mt-auto\">\n\t\t\t\t<a href=\"https:\/\/approchedroits-rechtenbenadering.be\/?p=261\" class=\"anwp-pg-read-more__btn mt-3 mb-0 btn btn-sm btn-outline-info w-100 text-decoration-none\">\n\t\t\t\t\tLire plus\t\t\t\t<\/a>\n\t\t\t<\/div>\n\t\t\n\t<\/div>\n\n<\/div>\n<div class=\"anwp-pg-post-teaser anwp-pg-post-teaser--inner-cover-link anwp-pg-post-teaser--layout-d d-flex flex-column col-lg-4 col-sm-6 col-12 anwp-pg-post-teaser--with-read-more \">\n\t<div class=\"anwp-pg-post-teaser__thumbnail position-relative\">\n\n\t\t\n\t\t<div class=\"anwp-pg-post-teaser__thumbnail-img anwp-pg-height-180\"\n\t\t\tstyle=\"background-image: url(https:\/\/approchedroits-rechtenbenadering.be\/wp-content\/uploads\/2021\/02\/MALI_DOC5.jpg)\">\n\t\t<\/div>\n\n\t\t<div class=\"anwp-pg-post-teaser__thumbnail-bg anwp-position-cover\"><\/div>\n\n\t\t<a class=\"anwp-position-cover anwp-link-without-effects\" href=\"https:\/\/approchedroits-rechtenbenadering.be\/?p=265\" aria-hidden=\"true\"><\/a>\n\t<\/div>\n\n\t<div class=\"anwp-pg-post-teaser__content flex-grow-1 pt-1 d-flex flex-column\">\n\n\t\t<div class=\"anwp-pg-post-teaser__title anwp-font-heading mt-2\">\n\t\t\t<a class=\"anwp-link-without-effects\" href=\"https:\/\/approchedroits-rechtenbenadering.be\/?p=265\" aria-hidden=\"true\">\n\t\t\t\tTravailler \u00e0 l\u2019inclusion des femmes dans le monde agricole au Mali\t\t\t<\/a>\n\t\t<\/div>\n\n\t\t<div class=\"anwp-pg-post-teaser__bottom-meta d-flex flex-wrap\">\n\n\t\t\t\t\t<\/div>\n\n\t\t\t\t\t<div class=\"anwp-pg-post-teaser__excerpt mb-2\">Les partenaires de Solidagro au Mali veulent promouvoir la parit\u00e9 homme femme par tous les moyens et \u00e0 tous les niveaux de fa\u00e7on inclusive. Fatouma t\u00e9moigne des cons\u00e9quences de ces ...<\/div>\n\t\t\n\t\t\t\t\t<div class=\"w-100 anwp-pg-read-more mt-auto\">\n\t\t\t\t<a href=\"https:\/\/approchedroits-rechtenbenadering.be\/?p=265\" class=\"anwp-pg-read-more__btn mt-3 mb-0 btn btn-sm btn-outline-info w-100 text-decoration-none\">\n\t\t\t\t\tLire plus\t\t\t\t<\/a>\n\t\t\t<\/div>\n\t\t\n\t<\/div>\n\n<\/div>\n<div class=\"anwp-pg-post-teaser anwp-pg-post-teaser--inner-cover-link anwp-pg-post-teaser--layout-d d-flex flex-column col-lg-4 col-sm-6 col-12 anwp-pg-post-teaser--with-read-more \">\n\t<div class=\"anwp-pg-post-teaser__thumbnail position-relative\">\n\n\t\t\n\t\t<div class=\"anwp-pg-post-teaser__thumbnail-img anwp-pg-height-180\"\n\t\t\tstyle=\"background-image: url(https:\/\/approchedroits-rechtenbenadering.be\/wp-content\/uploads\/2021\/02\/BF_DOC5-1024x576.jpg)\">\n\t\t<\/div>\n\n\t\t<div class=\"anwp-pg-post-teaser__thumbnail-bg anwp-position-cover\"><\/div>\n\n\t\t<a class=\"anwp-position-cover anwp-link-without-effects\" href=\"https:\/\/approchedroits-rechtenbenadering.be\/?p=258\" aria-hidden=\"true\"><\/a>\n\t<\/div>\n\n\t<div class=\"anwp-pg-post-teaser__content flex-grow-1 pt-1 d-flex flex-column\">\n\n\t\t<div class=\"anwp-pg-post-teaser__title anwp-font-heading mt-2\">\n\t\t\t<a class=\"anwp-link-without-effects\" href=\"https:\/\/approchedroits-rechtenbenadering.be\/?p=258\" aria-hidden=\"true\">\n\t\t\t\tColette, agricultrice au Burkina Faso et fi\u00e8re de l\u2019\u00eatre\t\t\t<\/a>\n\t\t<\/div>\n\n\t\t<div class=\"anwp-pg-post-teaser__bottom-meta d-flex flex-wrap\">\n\n\t\t\t\t\t<\/div>\n\n\t\t\t\t\t<div class=\"anwp-pg-post-teaser__excerpt mb-2\">Colette est membre d\u2019un groupement communautaire au Burkina Faso soutenu par Solidagro et nous raconte comment cela lui a permis de se faire confiance et de maintenant oser prendre la ...<\/div>\n\t\t\n\t\t\t\t\t<div class=\"w-100 anwp-pg-read-more mt-auto\">\n\t\t\t\t<a href=\"https:\/\/approchedroits-rechtenbenadering.be\/?p=258\" class=\"anwp-pg-read-more__btn mt-3 mb-0 btn btn-sm btn-outline-info w-100 text-decoration-none\">\n\t\t\t\t\tLire plus\t\t\t\t<\/a>\n\t\t\t<\/div>\n\t\t\n\t<\/div>\n\n<\/div>\n<div class=\"anwp-pg-post-teaser anwp-pg-post-teaser--inner-cover-link anwp-pg-post-teaser--layout-d d-flex flex-column col-lg-4 col-sm-6 col-12 anwp-pg-post-teaser--with-read-more \">\n\t<div class=\"anwp-pg-post-teaser__thumbnail position-relative\">\n\n\t\t\n\t\t<div class=\"anwp-pg-post-teaser__thumbnail-img anwp-pg-height-180\"\n\t\t\tstyle=\"background-image: url(https:\/\/approchedroits-rechtenbenadering.be\/wp-content\/uploads\/2021\/02\/BOL_DOC3-768x1024.jpg)\">\n\t\t<\/div>\n\n\t\t<div class=\"anwp-pg-post-teaser__thumbnail-bg anwp-position-cover\"><\/div>\n\n\t\t<a class=\"anwp-position-cover anwp-link-without-effects\" href=\"https:\/\/approchedroits-rechtenbenadering.be\/?p=253\" aria-hidden=\"true\"><\/a>\n\t<\/div>\n\n\t<div class=\"anwp-pg-post-teaser__content flex-grow-1 pt-1 d-flex flex-column\">\n\n\t\t<div class=\"anwp-pg-post-teaser__title anwp-font-heading mt-2\">\n\t\t\t<a class=\"anwp-link-without-effects\" href=\"https:\/\/approchedroits-rechtenbenadering.be\/?p=253\" aria-hidden=\"true\">\n\t\t\t\tDes femmes \u00e9mancip\u00e9es \u00e0 Vila Vila\t\t\t<\/a>\n\t\t<\/div>\n\n\t\t<div class=\"anwp-pg-post-teaser__bottom-meta d-flex flex-wrap\">\n\n\t\t\t\t\t<\/div>\n\n\t\t\t\t\t<div class=\"anwp-pg-post-teaser__excerpt mb-2\">Aynisuyu, une organisation partenaire de Solidagro en Bolivie, travaille au d\u00e9veloppement local et \u00e0 la diffusion des mod\u00e8les agro-\u00e9cologiques dans le cadre du droit \u00e0 une alimentation saine et \u00e0 ...<\/div>\n\t\t\n\t\t\t\t\t<div class=\"w-100 anwp-pg-read-more mt-auto\">\n\t\t\t\t<a href=\"https:\/\/approchedroits-rechtenbenadering.be\/?p=253\" class=\"anwp-pg-read-more__btn mt-3 mb-0 btn btn-sm btn-outline-info w-100 text-decoration-none\">\n\t\t\t\t\tLire plus\t\t\t\t<\/a>\n\t\t\t<\/div>\n\t\t\n\t<\/div>\n\n<\/div>\n\t<\/div>\n\t\n\t<\/div>\n\t\t<\/div>\n\t\t\t\t<\/div>\n\t\t\t\t\t\t<\/div>\n\t\t\t\t\t<\/div>\n\t\t<\/div>\n\t\t\t\t\t\t\t\t<\/div>\n\t\t\t\t\t<\/div>\n\t\t<\/section>\n\t\t\t\t\t\t<\/div>\n\t\t\t\t\t\t<\/div>\n\t\t\t\t\t<\/div>\n\t\t","protected":false},"excerpt":{"rendered":"<p>Alors que la notion de sexe se r\u00e9f\u00e8re aux diff\u00e9rences biologiques entre les femmes et les hommes, le concept de genre renvoie \u00e0 la mani\u00e8re dont la soci\u00e9t\u00e9 attribue aux hommes et aux femmes des r\u00f4les et des statuts diff\u00e9renci\u00e9s, avec, le plus souvent, une appr\u00e9ciation n\u00e9gative associ\u00e9e aux r\u00f4les&#8230; <a class=\"continue-reading-link\" href=\"https:\/\/approchedroits-rechtenbenadering.be\/?page_id=1463\">Lire plus <span class=\"meta-nav\">&rarr; <\/span><\/a><\/p>\n","protected":false},"author":1,"featured_media":0,"parent":0,"menu_order":0,"comment_status":"closed","ping_status":"closed","template":"","meta":[],"_links":{"self":[{"href":"https:\/\/approchedroits-rechtenbenadering.be\/index.php?rest_route=\/wp\/v2\/pages\/1463"}],"collection":[{"href":"https:\/\/approchedroits-rechtenbenadering.be\/index.php?rest_route=\/wp\/v2\/pages"}],"about":[{"href":"https:\/\/approchedroits-rechtenbenadering.be\/index.php?rest_route=\/wp\/v2\/types\/page"}],"author":[{"embeddable":true,"href":"https:\/\/approchedroits-rechtenbenadering.be\/index.php?rest_route=\/wp\/v2\/users\/1"}],"replies":[{"embeddable":true,"href":"https:\/\/approchedroits-rechtenbenadering.be\/index.php?rest_route=%2Fwp%2Fv2%2Fcomments&post=1463"}],"version-history":[{"count":7,"href":"https:\/\/approchedroits-rechtenbenadering.be\/index.php?rest_route=\/wp\/v2\/pages\/1463\/revisions"}],"predecessor-version":[{"id":1729,"href":"https:\/\/approchedroits-rechtenbenadering.be\/index.php?rest_route=\/wp\/v2\/pages\/1463\/revisions\/1729"}],"wp:attachment":[{"href":"https:\/\/approchedroits-rechtenbenadering.be\/index.php?rest_route=%2Fwp%2Fv2%2Fmedia&parent=1463"}],"curies":[{"name":"wp","href":"https:\/\/api.w.org\/{rel}","templated":true}]}}