{"id":308,"date":"2021-02-02T21:29:04","date_gmt":"2021-02-02T20:29:04","guid":{"rendered":"http:\/\/approchedroits-rechtenbenadering.be\/?page_id=308"},"modified":"2023-01-20T13:38:58","modified_gmt":"2023-01-20T12:38:58","slug":"accueil","status":"publish","type":"page","link":"https:\/\/approchedroits-rechtenbenadering.be\/","title":{"rendered":"Bienvenue"},"content":{"rendered":"\t\t<div data-elementor-type=\"wp-page\" data-elementor-id=\"308\" class=\"elementor elementor-308\" data-elementor-settings=\"[]\">\n\t\t\t\t\t\t<div class=\"elementor-inner\">\n\t\t\t\t\t\t\t<div class=\"elementor-section-wrap\">\n\t\t\t\t\t\t\t<section class=\"elementor-section elementor-top-section elementor-element elementor-element-1dc0065 elementor-section-boxed elementor-section-height-default elementor-section-height-default\" data-id=\"1dc0065\" data-element_type=\"section\">\n\t\t\t\t\t\t<div class=\"elementor-container elementor-column-gap-default\">\n\t\t\t\t\t\t\t<div class=\"elementor-row\">\n\t\t\t\t\t<div class=\"elementor-column elementor-col-100 elementor-top-column elementor-element elementor-element-c28b8b3\" data-id=\"c28b8b3\" data-element_type=\"column\">\n\t\t\t<div class=\"elementor-column-wrap elementor-element-populated\">\n\t\t\t\t\t\t\t<div class=\"elementor-widget-wrap\">\n\t\t\t\t\t\t<div class=\"elementor-element elementor-element-3df921c elementor-widget elementor-widget-text-editor\" data-id=\"3df921c\" data-element_type=\"widget\" data-widget_type=\"text-editor.default\">\n\t\t\t\t<div class=\"elementor-widget-container\">\n\t\t\t\t\t<div class=\"elementor-text-editor elementor-clearfix\"><p>De 2017 \u00e0 2021, Viva Salud, KIYO et Solidagro ont collabor\u00e9 au sein d\u2019un programme commun quinquennal co-financ\u00e9 par la DGD. C\u2019est dans ce cadre que ces 3 ONG belges ont pr\u00e9sent\u00e9 leur<strong><a href=\"https:\/\/www.vivasalud.be\/wp-content\/uploads\/2021\/02\/Texte-de-vision-LApproche-Base-sur-les-Droits.pdf\"> vision sur l\u2019approche bas\u00e9e sur les droits<\/a><\/strong>. Au moyen d\u2019histoires tr\u00e8s concr\u00e8tes qui se sont d\u00e9roul\u00e9es entre 2017 et 2021, ces 3 organisations ont illustr\u00e9 ce qui forme, selon elles, l\u2019essence de cette approche bas\u00e9e sur les droits.<\/p>\n<p><\/p>\n<p>60 histoires vous attendent pour vous faire d\u00e9couvrir ce que nous entendons par \u00ab approche bas\u00e9e sur les droits \u00bb. Vous pourrez les d\u00e9couvrir en vous int\u00e9ressant aux <a href=\"http:\/\/approchedroits-rechtenbenadering.be\/?page_id=1391&amp;preview_id=1391\"><strong>piliers<\/strong><\/a> qui la composent, aux th\u00e8mes transversaux qui nous tiennent \u00e0 c\u0153ur, <a href=\"http:\/\/approchedroits-rechtenbenadering.be\/?page_id=1453\"><strong>le genre et l\u2019environnement<\/strong><\/a>, aux <a href=\"http:\/\/approchedroits-rechtenbenadering.be\/?page_id=1530\"><strong>organisations<\/strong><\/a> et \u00e0 leurs th\u00e9matiques de pr\u00e9dilection&nbsp;: Viva Salud et le droit \u00e0 la sant\u00e9, KIYO et les droits des enfants ou Solidagro et le droit \u00e0 l\u2019alimentation ou encore en vous int\u00e9ressant aux <a href=\"http:\/\/approchedroits-rechtenbenadering.be\/?page_id=1530\"><strong>pays<\/strong><\/a>&nbsp;o\u00f9 nous avons mis et\/ou mettons en oeuvre cette approche bas\u00e9e sur les droits avec nos partenaires : la Belgique, la Bolivie, le Br\u00e9sil, le Burkina Faso, le Burundi, Cuba, le Mali, le Maroc, la Palestine, les Philippines, la RD Congo ou encore le S\u00e9n\u00e9gal.<\/p>\n<p><\/p>\n<p>Ce site web a \u00e9t\u00e9 cr\u00e9\u00e9 \u00e0 partir de textes et de vid\u00e9os \u00e9crits et rassembl\u00e9s par le staff de ces 3 organisations. Les traductions et la majorit\u00e9 des sous-titrages vid\u00e9os ont \u00e9t\u00e9 r\u00e9alis\u00e9s gr\u00e2ce \u00e0 des b\u00e9n\u00e9voles. D\u2019une part, pour diminuer les co\u00fbts d\u2019une telle entreprise au profit du travail proprement dit que nous r\u00e9alisons dans le cadre de l\u2019approche bas\u00e9e sur les droits et, d\u2019autre part, car nous avons la chance de pouvoir compter sur un large r\u00e9seau de sympathisant\u2e31e\u2e31s, toujours pr\u00eat\u2e31e\u2e31s \u00e0 nous aider. Nous aimerions remercier chaleureusement Bert, Claire, H\u00e9l\u00e9na, Kim, Laurie, Manuela, Marieke, Marjorie, Mathilde, Mike, Paul, Pauline, Riet, Thomas, Tom et Yanna.<\/p>\n<p><\/p>\n<p>Si vous avez des questions par rapport \u00e0 cette approche ou une remarque par rapport \u00e0 ce site web, vous pouvez contacter Fanny Polet: <a href=\"mailto:fanny@vivasalud.be\">fanny@vivasalud.be<\/a>.<\/p>\n<p><\/p>\n<p>Bonne d\u00e9couverte&nbsp;!<\/p><\/div>\n\t\t\t\t<\/div>\n\t\t\t\t<\/div>\n\t\t\t\t\t\t<\/div>\n\t\t\t\t\t<\/div>\n\t\t<\/div>\n\t\t\t\t\t\t\t\t<\/div>\n\t\t\t\t\t<\/div>\n\t\t<\/section>\n\t\t\t\t<section class=\"elementor-section elementor-top-section elementor-element elementor-element-69fcd02 elementor-section-boxed elementor-section-height-default elementor-section-height-default\" data-id=\"69fcd02\" data-element_type=\"section\">\n\t\t\t\t\t\t<div class=\"elementor-container elementor-column-gap-default\">\n\t\t\t\t\t\t\t<div class=\"elementor-row\">\n\t\t\t\t\t<div class=\"elementor-column elementor-col-100 elementor-top-column elementor-element elementor-element-b7350d2\" data-id=\"b7350d2\" data-element_type=\"column\">\n\t\t\t<div class=\"elementor-column-wrap elementor-element-populated\">\n\t\t\t\t\t\t\t<div class=\"elementor-widget-wrap\">\n\t\t\t\t\t\t<div class=\"elementor-element elementor-element-82c8f2b elementor-widget elementor-widget-image\" data-id=\"82c8f2b\" data-element_type=\"widget\" data-widget_type=\"image.default\">\n\t\t\t\t<div class=\"elementor-widget-container\">\n\t\t\t\t\t<div class=\"elementor-image\">\n\t\t\t\t\t\t\t\t\t\t<img width=\"300\" height=\"74\" src=\"https:\/\/approchedroits-rechtenbenadering.be\/wp-content\/uploads\/2021\/02\/3-logos-300x74.png\" class=\"attachment-medium size-medium\" alt=\"\" loading=\"lazy\" srcset=\"https:\/\/approchedroits-rechtenbenadering.be\/wp-content\/uploads\/2021\/02\/3-logos-300x74.png 300w, https:\/\/approchedroits-rechtenbenadering.be\/wp-content\/uploads\/2021\/02\/3-logos-768x189.png 768w, https:\/\/approchedroits-rechtenbenadering.be\/wp-content\/uploads\/2021\/02\/3-logos-150x37.png 150w, https:\/\/approchedroits-rechtenbenadering.be\/wp-content\/uploads\/2021\/02\/3-logos-250x62.png 250w, https:\/\/approchedroits-rechtenbenadering.be\/wp-content\/uploads\/2021\/02\/3-logos.png 857w\" sizes=\"(max-width: 300px) 100vw, 300px\" \/>\t\t\t\t\t\t\t\t\t\t\t<\/div>\n\t\t\t\t<\/div>\n\t\t\t\t<\/div>\n\t\t\t\t\t\t<\/div>\n\t\t\t\t\t<\/div>\n\t\t<\/div>\n\t\t\t\t\t\t\t\t<\/div>\n\t\t\t\t\t<\/div>\n\t\t<\/section>\n\t\t\t\t\t\t<\/div>\n\t\t\t\t\t\t<\/div>\n\t\t\t\t\t<\/div>\n\t\t","protected":false},"excerpt":{"rendered":"<p>De 2017 \u00e0 2021, Viva Salud, KIYO et Solidagro ont collabor\u00e9 au sein d\u2019un programme commun quinquennal co-financ\u00e9 par la DGD. C\u2019est dans ce cadre que ces 3 ONG belges ont pr\u00e9sent\u00e9 leur vision sur l\u2019approche bas\u00e9e sur les droits. Au moyen d\u2019histoires tr\u00e8s concr\u00e8tes qui se sont d\u00e9roul\u00e9es entre&#8230; <a class=\"continue-reading-link\" href=\"https:\/\/approchedroits-rechtenbenadering.be\/\">Lire plus <span class=\"meta-nav\">&rarr; <\/span><\/a><\/p>\n","protected":false},"author":1,"featured_media":0,"parent":0,"menu_order":0,"comment_status":"closed","ping_status":"closed","template":"","meta":[],"_links":{"self":[{"href":"https:\/\/approchedroits-rechtenbenadering.be\/index.php?rest_route=\/wp\/v2\/pages\/308"}],"collection":[{"href":"https:\/\/approchedroits-rechtenbenadering.be\/index.php?rest_route=\/wp\/v2\/pages"}],"about":[{"href":"https:\/\/approchedroits-rechtenbenadering.be\/index.php?rest_route=\/wp\/v2\/types\/page"}],"author":[{"embeddable":true,"href":"https:\/\/approchedroits-rechtenbenadering.be\/index.php?rest_route=\/wp\/v2\/users\/1"}],"replies":[{"embeddable":true,"href":"https:\/\/approchedroits-rechtenbenadering.be\/index.php?rest_route=%2Fwp%2Fv2%2Fcomments&post=308"}],"version-history":[{"count":33,"href":"https:\/\/approchedroits-rechtenbenadering.be\/index.php?rest_route=\/wp\/v2\/pages\/308\/revisions"}],"predecessor-version":[{"id":2961,"href":"https:\/\/approchedroits-rechtenbenadering.be\/index.php?rest_route=\/wp\/v2\/pages\/308\/revisions\/2961"}],"wp:attachment":[{"href":"https:\/\/approchedroits-rechtenbenadering.be\/index.php?rest_route=%2Fwp%2Fv2%2Fmedia&parent=308"}],"curies":[{"name":"wp","href":"https:\/\/api.w.org\/{rel}","templated":true}]}}