{"id":323,"date":"2021-02-04T21:21:15","date_gmt":"2021-02-04T20:21:15","guid":{"rendered":"http:\/\/approchedroits-rechtenbenadering.be\/?page_id=323"},"modified":"2021-02-16T11:16:48","modified_gmt":"2021-02-16T10:16:48","slug":"belgique","status":"publish","type":"page","link":"https:\/\/approchedroits-rechtenbenadering.be\/?page_id=323","title":{"rendered":"Belgique"},"content":{"rendered":"\t\t<div data-elementor-type=\"wp-page\" data-elementor-id=\"323\" class=\"elementor elementor-323\" data-elementor-settings=\"[]\">\n\t\t\t\t\t\t<div class=\"elementor-inner\">\n\t\t\t\t\t\t\t<div class=\"elementor-section-wrap\">\n\t\t\t\t\t\t\t<section class=\"elementor-section elementor-top-section elementor-element elementor-element-bcb005f elementor-section-boxed elementor-section-height-default elementor-section-height-default\" data-id=\"bcb005f\" data-element_type=\"section\">\n\t\t\t\t\t\t<div class=\"elementor-container elementor-column-gap-default\">\n\t\t\t\t\t\t\t<div class=\"elementor-row\">\n\t\t\t\t\t<div class=\"elementor-column elementor-col-100 elementor-top-column elementor-element elementor-element-6b603ce\" data-id=\"6b603ce\" data-element_type=\"column\">\n\t\t\t<div class=\"elementor-column-wrap elementor-element-populated\">\n\t\t\t\t\t\t\t<div class=\"elementor-widget-wrap\">\n\t\t\t\t\t\t<div class=\"elementor-element elementor-element-e356169 anwp-pg-widget-header-style--b elementor-widget elementor-widget-anwp-pg-classic-grid\" data-id=\"e356169\" data-element_type=\"widget\" data-widget_type=\"anwp-pg-classic-grid.default\">\n\t\t\t\t<div class=\"elementor-widget-container\">\n\t\t\t<div class=\"anwp-pg-wrap\">\n\n\t\n\t<div class=\"d-flex row flex-wrap anwp-pg-classic-grid anwp-pg-posts-wrapper\">\n\t\t<div class=\"anwp-pg-post-teaser anwp-pg-post-teaser--inner-cover-link anwp-pg-post-teaser--layout-d d-flex flex-column col-lg-4 col-sm-6 col-12 anwp-pg-post-teaser--with-read-more \">\n\t<div class=\"anwp-pg-post-teaser__thumbnail position-relative\">\n\n\t\t\n\t\t<div class=\"anwp-pg-post-teaser__thumbnail-img anwp-pg-height-180\"\n\t\t\tstyle=\"background-image: url(https:\/\/approchedroits-rechtenbenadering.be\/wp-content\/uploads\/2021\/02\/BEL3_DOC1_FR_light.png)\">\n\t\t<\/div>\n\n\t\t<div class=\"anwp-pg-post-teaser__thumbnail-bg anwp-position-cover\"><\/div>\n\n\t\t<a class=\"anwp-position-cover anwp-link-without-effects\" href=\"https:\/\/approchedroits-rechtenbenadering.be\/?p=246\" aria-hidden=\"true\"><\/a>\n\t<\/div>\n\n\t<div class=\"anwp-pg-post-teaser__content flex-grow-1 pt-1 d-flex flex-column\">\n\n\t\t<div class=\"anwp-pg-post-teaser__title anwp-font-heading mt-2\">\n\t\t\t<a class=\"anwp-link-without-effects\" href=\"https:\/\/approchedroits-rechtenbenadering.be\/?p=246\" aria-hidden=\"true\">\n\t\t\t\tPourquoi les soins de sant\u00e9 publics sont meilleurs\t\t\t<\/a>\n\t\t<\/div>\n\n\t\t<div class=\"anwp-pg-post-teaser__bottom-meta d-flex flex-wrap\">\n\n\t\t\t\t\t<\/div>\n\n\t\t\t\t\t<div class=\"anwp-pg-post-teaser__excerpt mb-2\">A l\u2019heure o\u00f9 le secteur priv\u00e9 tend \u00e0 s\u2019imposer au sein des syst\u00e8mes de sant\u00e9, Viva Salud consid\u00e8re qu\u2019il est essentiel de d\u00e9fendre et promouvoir les soins de sant\u00e9 publics.<\/div>\n\t\t\n\t\t\t\t\t<div class=\"w-100 anwp-pg-read-more mt-auto\">\n\t\t\t\t<a href=\"https:\/\/approchedroits-rechtenbenadering.be\/?p=246\" class=\"anwp-pg-read-more__btn mt-3 mb-0 btn btn-sm btn-outline-info w-100 text-decoration-none\">\n\t\t\t\t\tLire plus\t\t\t\t<\/a>\n\t\t\t<\/div>\n\t\t\n\t<\/div>\n\n<\/div>\n<div class=\"anwp-pg-post-teaser anwp-pg-post-teaser--inner-cover-link anwp-pg-post-teaser--layout-d d-flex flex-column col-lg-4 col-sm-6 col-12 anwp-pg-post-teaser--with-read-more \">\n\t<div class=\"anwp-pg-post-teaser__thumbnail position-relative\">\n\n\t\t\n\t\t<div class=\"anwp-pg-post-teaser__thumbnail-img anwp-pg-height-180\"\n\t\t\tstyle=\"background-image: url(https:\/\/approchedroits-rechtenbenadering.be\/wp-content\/uploads\/2021\/02\/BEL3_DOC2.jpg)\">\n\t\t<\/div>\n\n\t\t<div class=\"anwp-pg-post-teaser__thumbnail-bg anwp-position-cover\"><\/div>\n\n\t\t<a class=\"anwp-position-cover anwp-link-without-effects\" href=\"https:\/\/approchedroits-rechtenbenadering.be\/?p=247\" aria-hidden=\"true\"><\/a>\n\t<\/div>\n\n\t<div class=\"anwp-pg-post-teaser__content flex-grow-1 pt-1 d-flex flex-column\">\n\n\t\t<div class=\"anwp-pg-post-teaser__title anwp-font-heading mt-2\">\n\t\t\t<a class=\"anwp-link-without-effects\" href=\"https:\/\/approchedroits-rechtenbenadering.be\/?p=247\" aria-hidden=\"true\">\n\t\t\t\tAct for (y)our rights, un concept de week-end de formation en Belgique\t\t\t<\/a>\n\t\t<\/div>\n\n\t\t<div class=\"anwp-pg-post-teaser__bottom-meta d-flex flex-wrap\">\n\n\t\t\t\t\t<\/div>\n\n\t\t\t\t\t<div class=\"anwp-pg-post-teaser__excerpt mb-2\">C\u2019est en nous mobilisant, tous et toutes, que nous parviendrons \u00e0 un r\u00e9el changement de syst\u00e8me qui met l\u2019humain et la plan\u00e8te au centre des pr\u00e9occupations et pas le profit.<\/div>\n\t\t\n\t\t\t\t\t<div class=\"w-100 anwp-pg-read-more mt-auto\">\n\t\t\t\t<a href=\"https:\/\/approchedroits-rechtenbenadering.be\/?p=247\" class=\"anwp-pg-read-more__btn mt-3 mb-0 btn btn-sm btn-outline-info w-100 text-decoration-none\">\n\t\t\t\t\tLire plus\t\t\t\t<\/a>\n\t\t\t<\/div>\n\t\t\n\t<\/div>\n\n<\/div>\n<div class=\"anwp-pg-post-teaser anwp-pg-post-teaser--inner-cover-link anwp-pg-post-teaser--layout-d d-flex flex-column col-lg-4 col-sm-6 col-12 anwp-pg-post-teaser--with-read-more \">\n\t<div class=\"anwp-pg-post-teaser__thumbnail position-relative\">\n\n\t\t\n\t\t<div class=\"anwp-pg-post-teaser__thumbnail-img anwp-pg-height-180\"\n\t\t\tstyle=\"background-image: url(https:\/\/approchedroits-rechtenbenadering.be\/wp-content\/uploads\/2021\/02\/BEL4_DOC1-1024x684.jpg)\">\n\t\t<\/div>\n\n\t\t<div class=\"anwp-pg-post-teaser__thumbnail-bg anwp-position-cover\"><\/div>\n\n\t\t<a class=\"anwp-position-cover anwp-link-without-effects\" href=\"https:\/\/approchedroits-rechtenbenadering.be\/?p=248\" aria-hidden=\"true\"><\/a>\n\t<\/div>\n\n\t<div class=\"anwp-pg-post-teaser__content flex-grow-1 pt-1 d-flex flex-column\">\n\n\t\t<div class=\"anwp-pg-post-teaser__title anwp-font-heading mt-2\">\n\t\t\t<a class=\"anwp-link-without-effects\" href=\"https:\/\/approchedroits-rechtenbenadering.be\/?p=248\" aria-hidden=\"true\">\n\t\t\t\tVoedsel Anders (\u00ab\u00a0L\u2019alimentation autrement\u00a0\u00bb) et l\u2019approche bas\u00e9e sur les droits\t\t\t<\/a>\n\t\t<\/div>\n\n\t\t<div class=\"anwp-pg-post-teaser__bottom-meta d-flex flex-wrap\">\n\n\t\t\t\t\t<\/div>\n\n\t\t\t\t\t<div class=\"anwp-pg-post-teaser__excerpt mb-2\">Voedsel Anders est un mouvement en expansion en faveur de l\u2019agro\u00e9cologie. Cette organisation comprend 25 organisations membres, chacune apportant sa propre expertise. Solidagro soutient ce r\u00e9seau principalement en co-organisant des ...<\/div>\n\t\t\n\t\t\t\t\t<div class=\"w-100 anwp-pg-read-more mt-auto\">\n\t\t\t\t<a href=\"https:\/\/approchedroits-rechtenbenadering.be\/?p=248\" class=\"anwp-pg-read-more__btn mt-3 mb-0 btn btn-sm btn-outline-info w-100 text-decoration-none\">\n\t\t\t\t\tLire plus\t\t\t\t<\/a>\n\t\t\t<\/div>\n\t\t\n\t<\/div>\n\n<\/div>\n<div class=\"anwp-pg-post-teaser anwp-pg-post-teaser--inner-cover-link anwp-pg-post-teaser--layout-d d-flex flex-column col-lg-4 col-sm-6 col-12 anwp-pg-post-teaser--with-read-more \">\n\t<div class=\"anwp-pg-post-teaser__thumbnail position-relative\">\n\n\t\t\n\t\t<div class=\"anwp-pg-post-teaser__thumbnail-img anwp-pg-height-180\"\n\t\t\tstyle=\"background-image: url(https:\/\/approchedroits-rechtenbenadering.be\/wp-content\/uploads\/2021\/02\/BEL4_DOC2.jpg)\">\n\t\t<\/div>\n\n\t\t<div class=\"anwp-pg-post-teaser__thumbnail-bg anwp-position-cover\"><\/div>\n\n\t\t<a class=\"anwp-position-cover anwp-link-without-effects\" href=\"https:\/\/approchedroits-rechtenbenadering.be\/?p=249\" aria-hidden=\"true\"><\/a>\n\t<\/div>\n\n\t<div class=\"anwp-pg-post-teaser__content flex-grow-1 pt-1 d-flex flex-column\">\n\n\t\t<div class=\"anwp-pg-post-teaser__title anwp-font-heading mt-2\">\n\t\t\t<a class=\"anwp-link-without-effects\" href=\"https:\/\/approchedroits-rechtenbenadering.be\/?p=249\" aria-hidden=\"true\">\n\t\t\t\tTous h\u00e9ros de la sant\u00e9\t\t\t<\/a>\n\t\t<\/div>\n\n\t\t<div class=\"anwp-pg-post-teaser__bottom-meta d-flex flex-wrap\">\n\n\t\t\t\t\t<\/div>\n\n\t\t\t\t\t<div class=\"anwp-pg-post-teaser__excerpt mb-2\">A travers la campagne \u00ab Only Fighters Win \u00bb (Ceux qui luttent gagnent), Viva Salud met en lumi\u00e8re le r\u00f4le important des mouvements sociaux. Les h\u00e9ros et h\u00e9ro\u00efnes du secteur ...<\/div>\n\t\t\n\t\t\t\t\t<div class=\"w-100 anwp-pg-read-more mt-auto\">\n\t\t\t\t<a href=\"https:\/\/approchedroits-rechtenbenadering.be\/?p=249\" class=\"anwp-pg-read-more__btn mt-3 mb-0 btn btn-sm btn-outline-info w-100 text-decoration-none\">\n\t\t\t\t\tLire plus\t\t\t\t<\/a>\n\t\t\t<\/div>\n\t\t\n\t<\/div>\n\n<\/div>\n<div class=\"anwp-pg-post-teaser anwp-pg-post-teaser--inner-cover-link anwp-pg-post-teaser--layout-d d-flex flex-column col-lg-4 col-sm-6 col-12 anwp-pg-post-teaser--with-read-more \">\n\t<div class=\"anwp-pg-post-teaser__thumbnail position-relative\">\n\n\t\t\n\t\t<div class=\"anwp-pg-post-teaser__thumbnail-img anwp-pg-height-180\"\n\t\t\tstyle=\"background-image: url(https:\/\/approchedroits-rechtenbenadering.be\/wp-content\/uploads\/2021\/02\/BEL4_DOC3-1024x576.png)\">\n\t\t<\/div>\n\n\t\t<div class=\"anwp-pg-post-teaser__thumbnail-bg anwp-position-cover\"><\/div>\n\n\t\t<a class=\"anwp-position-cover anwp-link-without-effects\" href=\"https:\/\/approchedroits-rechtenbenadering.be\/?p=250\" aria-hidden=\"true\"><\/a>\n\t<\/div>\n\n\t<div class=\"anwp-pg-post-teaser__content flex-grow-1 pt-1 d-flex flex-column\">\n\n\t\t<div class=\"anwp-pg-post-teaser__title anwp-font-heading mt-2\">\n\t\t\t<a class=\"anwp-link-without-effects\" href=\"https:\/\/approchedroits-rechtenbenadering.be\/?p=250\" aria-hidden=\"true\">\n\t\t\t\tDefend the Defenders : ensemble, soutenons les mouvements sociaux\t\t\t<\/a>\n\t\t<\/div>\n\n\t\t<div class=\"anwp-pg-post-teaser__bottom-meta d-flex flex-wrap\">\n\n\t\t\t\t\t<\/div>\n\n\t\t\t\t\t<div class=\"anwp-pg-post-teaser__excerpt mb-2\">Chaque ann\u00e9e, le 10 d\u00e9cembre a lieu la journ\u00e9e des droits humains. C\u2019est en effet \u00e0 cette date que la D\u00e9claration Universelle des Droits Humains a \u00e9t\u00e9 adopt\u00e9e en 1948. ...<\/div>\n\t\t\n\t\t\t\t\t<div class=\"w-100 anwp-pg-read-more mt-auto\">\n\t\t\t\t<a href=\"https:\/\/approchedroits-rechtenbenadering.be\/?p=250\" class=\"anwp-pg-read-more__btn mt-3 mb-0 btn btn-sm btn-outline-info w-100 text-decoration-none\">\n\t\t\t\t\tLire plus\t\t\t\t<\/a>\n\t\t\t<\/div>\n\t\t\n\t<\/div>\n\n<\/div>\n<div class=\"anwp-pg-post-teaser anwp-pg-post-teaser--inner-cover-link anwp-pg-post-teaser--layout-d d-flex flex-column col-lg-4 col-sm-6 col-12 anwp-pg-post-teaser--with-read-more \">\n\t<div class=\"anwp-pg-post-teaser__thumbnail position-relative\">\n\n\t\t\n\t\t<div class=\"anwp-pg-post-teaser__thumbnail-img anwp-pg-height-180\"\n\t\t\tstyle=\"background-image: url(https:\/\/approchedroits-rechtenbenadering.be\/wp-content\/uploads\/2021\/02\/BEL1_DOC1_PHOTO-1024x683.jpg)\">\n\t\t<\/div>\n\n\t\t<div class=\"anwp-pg-post-teaser__thumbnail-bg anwp-position-cover\"><\/div>\n\n\t\t<a class=\"anwp-position-cover anwp-link-without-effects\" href=\"https:\/\/approchedroits-rechtenbenadering.be\/?p=241\" aria-hidden=\"true\"><\/a>\n\t<\/div>\n\n\t<div class=\"anwp-pg-post-teaser__content flex-grow-1 pt-1 d-flex flex-column\">\n\n\t\t<div class=\"anwp-pg-post-teaser__title anwp-font-heading mt-2\">\n\t\t\t<a class=\"anwp-link-without-effects\" href=\"https:\/\/approchedroits-rechtenbenadering.be\/?p=241\" aria-hidden=\"true\">\n\t\t\t\tAction for Rights, les jeunes en action pour leurs droits\t\t\t<\/a>\n\t\t<\/div>\n\n\t\t<div class=\"anwp-pg-post-teaser__bottom-meta d-flex flex-wrap\">\n\n\t\t\t\t\t<\/div>\n\n\t\t\t\t\t<div class=\"anwp-pg-post-teaser__excerpt mb-2\">A4R promeut activement la citoyennet\u00e9 mondiale aupr\u00e8s des \u00e9l\u00e8ves et les guide afin qu&#039;ils puissent mettre en place des actions sociales et durables qui apportent des changements positifs \u00e0 l&#039;\u00e9cole ...<\/div>\n\t\t\n\t\t\t\t\t<div class=\"w-100 anwp-pg-read-more mt-auto\">\n\t\t\t\t<a href=\"https:\/\/approchedroits-rechtenbenadering.be\/?p=241\" class=\"anwp-pg-read-more__btn mt-3 mb-0 btn btn-sm btn-outline-info w-100 text-decoration-none\">\n\t\t\t\t\tLire plus\t\t\t\t<\/a>\n\t\t\t<\/div>\n\t\t\n\t<\/div>\n\n<\/div>\n<div class=\"anwp-pg-post-teaser anwp-pg-post-teaser--inner-cover-link anwp-pg-post-teaser--layout-d d-flex flex-column col-lg-4 col-sm-6 col-12 anwp-pg-post-teaser--with-read-more \">\n\t<div class=\"anwp-pg-post-teaser__thumbnail position-relative\">\n\n\t\t\n\t\t<div class=\"anwp-pg-post-teaser__thumbnail-img anwp-pg-height-180\"\n\t\t\tstyle=\"background-image: url(https:\/\/approchedroits-rechtenbenadering.be\/wp-content\/uploads\/2021\/02\/BEL1_DOC2_PHOTO-1024x670.jpg)\">\n\t\t<\/div>\n\n\t\t<div class=\"anwp-pg-post-teaser__thumbnail-bg anwp-position-cover\"><\/div>\n\n\t\t<a class=\"anwp-position-cover anwp-link-without-effects\" href=\"https:\/\/approchedroits-rechtenbenadering.be\/?p=242\" aria-hidden=\"true\"><\/a>\n\t<\/div>\n\n\t<div class=\"anwp-pg-post-teaser__content flex-grow-1 pt-1 d-flex flex-column\">\n\n\t\t<div class=\"anwp-pg-post-teaser__title anwp-font-heading mt-2\">\n\t\t\t<a class=\"anwp-link-without-effects\" href=\"https:\/\/approchedroits-rechtenbenadering.be\/?p=242\" aria-hidden=\"true\">\n\t\t\t\tLes jeunes de Courtrai s\u2019en m\u00ealent\t\t\t<\/a>\n\t\t<\/div>\n\n\t\t<div class=\"anwp-pg-post-teaser__bottom-meta d-flex flex-wrap\">\n\n\t\t\t\t\t<\/div>\n\n\t\t\t\t\t<div class=\"anwp-pg-post-teaser__excerpt mb-2\">\u00ab Jong Kortrijk Spreekt \u00bb est un processus de participation lanc\u00e9 par KIYO, en collaboration avec Plan International Belgique et la Coalition pour les droits de l\u2019enfant de Flandre et ...<\/div>\n\t\t\n\t\t\t\t\t<div class=\"w-100 anwp-pg-read-more mt-auto\">\n\t\t\t\t<a href=\"https:\/\/approchedroits-rechtenbenadering.be\/?p=242\" class=\"anwp-pg-read-more__btn mt-3 mb-0 btn btn-sm btn-outline-info w-100 text-decoration-none\">\n\t\t\t\t\tLire plus\t\t\t\t<\/a>\n\t\t\t<\/div>\n\t\t\n\t<\/div>\n\n<\/div>\n<div class=\"anwp-pg-post-teaser anwp-pg-post-teaser--inner-cover-link anwp-pg-post-teaser--layout-d d-flex flex-column col-lg-4 col-sm-6 col-12 anwp-pg-post-teaser--with-read-more \">\n\t<div class=\"anwp-pg-post-teaser__thumbnail position-relative\">\n\n\t\t\n\t\t<div class=\"anwp-pg-post-teaser__thumbnail-img anwp-pg-height-180\"\n\t\t\tstyle=\"background-image: url(https:\/\/approchedroits-rechtenbenadering.be\/wp-content\/uploads\/2021\/02\/Foto-Belgie-KIYO-1024x768.jpg)\">\n\t\t<\/div>\n\n\t\t<div class=\"anwp-pg-post-teaser__thumbnail-bg anwp-position-cover\"><\/div>\n\n\t\t<a class=\"anwp-position-cover anwp-link-without-effects\" href=\"https:\/\/approchedroits-rechtenbenadering.be\/?p=243\" aria-hidden=\"true\"><\/a>\n\t<\/div>\n\n\t<div class=\"anwp-pg-post-teaser__content flex-grow-1 pt-1 d-flex flex-column\">\n\n\t\t<div class=\"anwp-pg-post-teaser__title anwp-font-heading mt-2\">\n\t\t\t<a class=\"anwp-link-without-effects\" href=\"https:\/\/approchedroits-rechtenbenadering.be\/?p=243\" aria-hidden=\"true\">\n\t\t\t\tTous ensemble pour r\u00e9aliser les droits des enfants!\t\t\t<\/a>\n\t\t<\/div>\n\n\t\t<div class=\"anwp-pg-post-teaser__bottom-meta d-flex flex-wrap\">\n\n\t\t\t\t\t<\/div>\n\n\t\t\t\t\t<div class=\"anwp-pg-post-teaser__excerpt mb-2\">KIYO soutient les organisations qui travaillent pour ou avec les enfants et les jeunes dans la coop\u00e9ration au d\u00e9veloppement, le monde du voyage et le secteur de l\u2019enseignement ou de ...<\/div>\n\t\t\n\t\t\t\t\t<div class=\"w-100 anwp-pg-read-more mt-auto\">\n\t\t\t\t<a href=\"https:\/\/approchedroits-rechtenbenadering.be\/?p=243\" class=\"anwp-pg-read-more__btn mt-3 mb-0 btn btn-sm btn-outline-info w-100 text-decoration-none\">\n\t\t\t\t\tLire plus\t\t\t\t<\/a>\n\t\t\t<\/div>\n\t\t\n\t<\/div>\n\n<\/div>\n<div class=\"anwp-pg-post-teaser anwp-pg-post-teaser--inner-cover-link anwp-pg-post-teaser--layout-d d-flex flex-column col-lg-4 col-sm-6 col-12 anwp-pg-post-teaser--with-read-more \">\n\t<div class=\"anwp-pg-post-teaser__thumbnail position-relative\">\n\n\t\t\n\t\t<div class=\"anwp-pg-post-teaser__thumbnail-img anwp-pg-height-180\"\n\t\t\tstyle=\"background-image: url(https:\/\/approchedroits-rechtenbenadering.be\/wp-content\/uploads\/2021\/02\/BEL2_DOC2-1024x718.jpg)\">\n\t\t<\/div>\n\n\t\t<div class=\"anwp-pg-post-teaser__thumbnail-bg anwp-position-cover\"><\/div>\n\n\t\t<a class=\"anwp-position-cover anwp-link-without-effects\" href=\"https:\/\/approchedroits-rechtenbenadering.be\/?p=244\" aria-hidden=\"true\"><\/a>\n\t<\/div>\n\n\t<div class=\"anwp-pg-post-teaser__content flex-grow-1 pt-1 d-flex flex-column\">\n\n\t\t<div class=\"anwp-pg-post-teaser__title anwp-font-heading mt-2\">\n\t\t\t<a class=\"anwp-link-without-effects\" href=\"https:\/\/approchedroits-rechtenbenadering.be\/?p=244\" aria-hidden=\"true\">\n\t\t\t\tDu voyage de solidarit\u00e9 aux actions solidaires\t\t\t<\/a>\n\t\t<\/div>\n\n\t\t<div class=\"anwp-pg-post-teaser__bottom-meta d-flex flex-wrap\">\n\n\t\t\t\t\t<\/div>\n\n\t\t\t\t\t<div class=\"anwp-pg-post-teaser__excerpt mb-2\">Voir de ses propres yeux des injustices et des violations des droits humains fait na\u00eetre une volont\u00e9 profonde d\u2019agir en solidarit\u00e9 avec les peuples qui les subissent, notamment \u00e0 travers ...<\/div>\n\t\t\n\t\t\t\t\t<div class=\"w-100 anwp-pg-read-more mt-auto\">\n\t\t\t\t<a href=\"https:\/\/approchedroits-rechtenbenadering.be\/?p=244\" class=\"anwp-pg-read-more__btn mt-3 mb-0 btn btn-sm btn-outline-info w-100 text-decoration-none\">\n\t\t\t\t\tLire plus\t\t\t\t<\/a>\n\t\t\t<\/div>\n\t\t\n\t<\/div>\n\n<\/div>\n<div class=\"anwp-pg-post-teaser anwp-pg-post-teaser--inner-cover-link anwp-pg-post-teaser--layout-d d-flex flex-column col-lg-4 col-sm-6 col-12 anwp-pg-post-teaser--with-read-more \">\n\t<div class=\"anwp-pg-post-teaser__thumbnail position-relative\">\n\n\t\t\n\t\t<div class=\"anwp-pg-post-teaser__thumbnail-img anwp-pg-height-180\"\n\t\t\tstyle=\"background-image: url(https:\/\/approchedroits-rechtenbenadering.be\/wp-content\/uploads\/2021\/02\/BrochurePHM_mini-1024x504.png)\">\n\t\t<\/div>\n\n\t\t<div class=\"anwp-pg-post-teaser__thumbnail-bg anwp-position-cover\"><\/div>\n\n\t\t<a class=\"anwp-position-cover anwp-link-without-effects\" href=\"https:\/\/approchedroits-rechtenbenadering.be\/?p=245\" aria-hidden=\"true\"><\/a>\n\t<\/div>\n\n\t<div class=\"anwp-pg-post-teaser__content flex-grow-1 pt-1 d-flex flex-column\">\n\n\t\t<div class=\"anwp-pg-post-teaser__title anwp-font-heading mt-2\">\n\t\t\t<a class=\"anwp-link-without-effects\" href=\"https:\/\/approchedroits-rechtenbenadering.be\/?p=245\" aria-hidden=\"true\">\n\t\t\t\tB\u00e2tir un mouvement pour la sant\u00e9 &#8211; Un outil pour les activistes (de la sant\u00e9)\t\t\t<\/a>\n\t\t<\/div>\n\n\t\t<div class=\"anwp-pg-post-teaser__bottom-meta d-flex flex-wrap\">\n\n\t\t\t\t\t<\/div>\n\n\t\t\t\t\t<div class=\"anwp-pg-post-teaser__excerpt mb-2\">Viva Salud et le Mouvement populaire pour la sant\u00e9 (MPS) ont d\u00e9velopp\u00e9 ensemble ce manuel interactif. Vous \u00eates \u00e9tudiant-e-s, expert-e-s ou activistes \u00e0 la recherche d&#039;inspiration et de meilleures pratiques ...<\/div>\n\t\t\n\t\t\t\t\t<div class=\"w-100 anwp-pg-read-more mt-auto\">\n\t\t\t\t<a href=\"https:\/\/approchedroits-rechtenbenadering.be\/?p=245\" class=\"anwp-pg-read-more__btn mt-3 mb-0 btn btn-sm btn-outline-info w-100 text-decoration-none\">\n\t\t\t\t\tLire plus\t\t\t\t<\/a>\n\t\t\t<\/div>\n\t\t\n\t<\/div>\n\n<\/div>\n\t<\/div>\n\t\n\t<\/div>\n\t\t<\/div>\n\t\t\t\t<\/div>\n\t\t\t\t\t\t<\/div>\n\t\t\t\t\t<\/div>\n\t\t<\/div>\n\t\t\t\t\t\t\t\t<\/div>\n\t\t\t\t\t<\/div>\n\t\t<\/section>\n\t\t\t\t\t\t<\/div>\n\t\t\t\t\t\t<\/div>\n\t\t\t\t\t<\/div>\n\t\t","protected":false},"excerpt":{"rendered":"<p>Pourquoi les soins de sant\u00e9 publics sont meilleurs A l\u2019heure o\u00f9 le secteur priv\u00e9 tend \u00e0 s\u2019imposer au sein des syst\u00e8mes de sant\u00e9, Viva Salud consid\u00e8re qu\u2019il est essentiel de d\u00e9fendre et promouvoir les soins de sant\u00e9 publics. Lire plus Act for (y)our rights, un concept de week-end de formation&#8230; <a class=\"continue-reading-link\" href=\"https:\/\/approchedroits-rechtenbenadering.be\/?page_id=323\">Lire plus <span class=\"meta-nav\">&rarr; <\/span><\/a><\/p>\n","protected":false},"author":1,"featured_media":0,"parent":0,"menu_order":0,"comment_status":"closed","ping_status":"closed","template":"","meta":[],"_links":{"self":[{"href":"https:\/\/approchedroits-rechtenbenadering.be\/index.php?rest_route=\/wp\/v2\/pages\/323"}],"collection":[{"href":"https:\/\/approchedroits-rechtenbenadering.be\/index.php?rest_route=\/wp\/v2\/pages"}],"about":[{"href":"https:\/\/approchedroits-rechtenbenadering.be\/index.php?rest_route=\/wp\/v2\/types\/page"}],"author":[{"embeddable":true,"href":"https:\/\/approchedroits-rechtenbenadering.be\/index.php?rest_route=\/wp\/v2\/users\/1"}],"replies":[{"embeddable":true,"href":"https:\/\/approchedroits-rechtenbenadering.be\/index.php?rest_route=%2Fwp%2Fv2%2Fcomments&post=323"}],"version-history":[{"count":16,"href":"https:\/\/approchedroits-rechtenbenadering.be\/index.php?rest_route=\/wp\/v2\/pages\/323\/revisions"}],"predecessor-version":[{"id":1751,"href":"https:\/\/approchedroits-rechtenbenadering.be\/index.php?rest_route=\/wp\/v2\/pages\/323\/revisions\/1751"}],"wp:attachment":[{"href":"https:\/\/approchedroits-rechtenbenadering.be\/index.php?rest_route=%2Fwp%2Fv2%2Fmedia&parent=323"}],"curies":[{"name":"wp","href":"https:\/\/api.w.org\/{rel}","templated":true}]}}